{"id":4338,"date":"2016-06-13T15:48:45","date_gmt":"2016-06-13T13:48:45","guid":{"rendered":"https:\/\/erollz.com\/ueber-uns\/"},"modified":"2023-10-22T17:33:18","modified_gmt":"2023-10-22T17:33:18","slug":"ueber-uns","status":"publish","type":"page","link":"https:\/\/erollz.com\/de\/ueber-uns\/","title":{"rendered":"\u00dcber uns"},"content":{"rendered":"<div class=\"wpb-content-wrapper\"><p>[vc_row wrap_container=&#8221;yes&#8221; css=&#8221;.vc_custom_1519804692056{padding-top: 30px !important;padding-bottom: 30px !important;}&#8221;][vc_column][vc_row_inner][vc_column_inner width=&#8221;1\/6&#8243;][\/vc_column_inner][vc_column_inner width=&#8221;2\/3&#8243;]<div class=\"porto-u-heading  wpb_custom_95aa9a11c17ad45cfabaf210d84ee7cc porto-u-ad87e2eaf3f9c495180fe0156ddf3eb0 \"><div class=\"porto-u-main-heading\"><h2   style=\"font-weight:700;color:#21293c;font-size:19px;\">\u00dcber uns<\/h2><\/div><style>.porto-u-ad87e2eaf3f9c495180fe0156ddf3eb0.porto-u-heading{text-align:left}<\/style><\/div>[vc_column_text]Willkommen bei E-Rollz, Ihrer f\u00fchrenden Quelle f\u00fcr hochwertige Elektroscooter und Mobilit\u00e4tsl\u00f6sungen. Unsere Leidenschaft gilt der Elektromobilit\u00e4t und wir sind bestrebt, unseren Kunden die besten Produkte und den besten Service in der Branche zu bieten.<\/p>\n<p><strong>Mission<\/strong><br \/>\nUnser Ziel ist es, Ihre Mobilit\u00e4t zu ver\u00e4ndern und zu einer gr\u00fcneren und nachhaltigeren Zukunft beizutragen. Mit unserer Auswahl an <strong>hochwertigen<\/strong> <strong>Elektrorollern<\/strong> m\u00f6chten wir eine zuverl\u00e4ssige und effiziente Alternative zu herk\u00f6mmlichen Verkehrsmitteln bieten. Ganz gleich, ob Sie in der Stadt herumfahren, Ihren t\u00e4glichen Arbeitsweg vereinfachen oder einfach nur Spa\u00df haben wollen, unsere Elektroroller sind f\u00fcr alle Ihre Bed\u00fcrfnisse geeignet.[\/vc_column_text][\/vc_column_inner][vc_column_inner width=&#8221;1\/6&#8243;][\/vc_column_inner][\/vc_row_inner][\/vc_column][\/vc_row][vc_row wrap_container=&#8221;yes&#8221; css=&#8221;.vc_custom_1519805538811{padding-top: 50px !important;padding-bottom: 40px !important;background-color: #f4f4f4 !important;}&#8221;][vc_column]<div class=\"porto-u-heading  wpb_custom_95aa9a11c17ad45cfabaf210d84ee7cc porto-u-ad87e2eaf3f9c495180fe0156ddf3eb0 \"><div class=\"porto-u-main-heading\"><h2   style=\"font-weight:700;color:#21293c;font-size:19px;\">Warum f\u00fcr uns<\/h2><\/div><style>.porto-u-ad87e2eaf3f9c495180fe0156ddf3eb0.porto-u-heading{text-align:left}<\/style><\/div>[vc_row_inner][vc_column_inner width=&#8221;1\/3&#8243;]<div class=\"porto-sicon-box  wpb_custom_78a34f252d6e6cc8e52f42267c00db12 style_1 top-icon\"><div class=\"porto-sicon-top\"><div class=\"porto-just-icon-wrapper porto-icon none\" style=\"color:#4db7b3;font-size:55px;\"><i class=\"porto-icon-shipped\"><\/i><\/div><\/div><div class=\"porto-sicon-header\"><h3 class=\"porto-sicon-title\" style=\"font-weight:600;font-size:18px;color:#21293c;line-height:20px;\">Kostenloser Versand<\/h3><\/div> <!-- header --><div class=\"porto-sicon-description\" style=\"font-size:15px;line-height:27px;\">Alle Produkte versandkostenfrei<\/div> <!-- description --><\/div><!-- porto-sicon-box -->[\/vc_column_inner][vc_column_inner width=&#8221;1\/3&#8243;]<div class=\"porto-sicon-box  wpb_custom_78a34f252d6e6cc8e52f42267c00db12 style_1 top-icon\"><div class=\"porto-sicon-top\"><div class=\"porto-just-icon-wrapper porto-icon none\" style=\"color:#4db7b3;font-size:55px;\"><i class=\"porto-icon-us-dollar\"><\/i><\/div><\/div><div class=\"porto-sicon-header\"><h3 class=\"porto-sicon-title\" style=\"font-weight:600;font-size:18px;color:#21293c;line-height:20px;\">100% Geld-zur\u00fcck-Garantie<\/h3><\/div> <!-- header --><div class=\"porto-sicon-description\" style=\"font-size:15px;line-height:27px;\">Geld zur\u00fcck ist kein Problem<\/div> <!-- description --><\/div><!-- porto-sicon-box -->[\/vc_column_inner][vc_column_inner width=&#8221;1\/3&#8243;]<div class=\"porto-sicon-box  wpb_custom_78a34f252d6e6cc8e52f42267c00db12 style_1 top-icon\"><div class=\"porto-sicon-top\"><div class=\"porto-just-icon-wrapper porto-icon none\" style=\"color:#4db7b3;font-size:55px;\"><i class=\"porto-icon-online-support\"><\/i><\/div><\/div><div class=\"porto-sicon-header\"><h3 class=\"porto-sicon-title\" style=\"font-weight:600;font-size:18px;color:#21293c;line-height:20px;\">Online-Unterst\u00fctzung<\/h3><\/div> <!-- header --><div class=\"porto-sicon-description\" style=\"font-size:15px;line-height:27px;\">Per Chat, E-Mail oder Telefon<\/div> <!-- description --><\/div><!-- porto-sicon-box -->[\/vc_column_inner][\/vc_row_inner][\/vc_column][\/vc_row]<\/p>\n<\/div>","protected":false},"excerpt":{"rendered":"<p>[vc_row wrap_container=&#8221;yes&#8221; css=&#8221;.vc_custom_1519804692056{padding-top: 30px !important;padding-bottom: 30px !important;}&#8221;][vc_column][vc_row_inner][vc_column_inner width=&#8221;1\/6&#8243;][\/vc_column_inner][vc_column_inner width=&#8221;2\/3&#8243;][vc_column_text]Willkommen bei E-Rollz, Ihrer f\u00fchrenden Quelle f\u00fcr hochwertige Elektroscooter und Mobilit\u00e4tsl\u00f6sungen. Unsere Leidenschaft gilt der Elektromobilit\u00e4t und wir sind bestrebt, unseren Kunden die besten Produkte und den besten Service in der Branche zu bieten. Mission Unser Ziel ist es, Ihre Mobilit\u00e4t zu ver\u00e4ndern und zu einer gr\u00fcneren [&hellip;]<\/p>\n","protected":false},"author":1,"featured_media":0,"parent":0,"menu_order":0,"comment_status":"closed","ping_status":"closed","template":"","meta":{"footnotes":""},"class_list":["post-4338","page","type-page","status-publish","hentry"],"yoast_head":"<!-- This site is optimized with the Yoast SEO plugin v22.1 - https:\/\/yoast.com\/wordpress\/plugins\/seo\/ -->\n<title>\u00dcber uns - Erollz<\/title>\n<meta name=\"robots\" content=\"noindex, nofollow\" \/>\n<meta property=\"og:locale\" content=\"de_DE\" \/>\n<meta property=\"og:type\" content=\"article\" \/>\n<meta property=\"og:title\" content=\"\u00dcber uns - Erollz\" \/>\n<meta property=\"og:description\" content=\"[vc_row wrap_container=&#8221;yes&#8221; css=&#8221;.vc_custom_1519804692056{padding-top: 30px !important;padding-bottom: 30px !important;}&#8221;][vc_column][vc_row_inner][vc_column_inner width=&#8221;1\/6&#8243;][\/vc_column_inner][vc_column_inner width=&#8221;2\/3&#8243;][vc_column_text]Willkommen bei E-Rollz, Ihrer f\u00fchrenden Quelle f\u00fcr hochwertige Elektroscooter und Mobilit\u00e4tsl\u00f6sungen. Unsere Leidenschaft gilt der Elektromobilit\u00e4t und wir sind bestrebt, unseren Kunden die besten Produkte und den besten Service in der Branche zu bieten. Mission Unser Ziel ist es, Ihre Mobilit\u00e4t zu ver\u00e4ndern und zu einer gr\u00fcneren [&hellip;]\" \/>\n<meta property=\"og:url\" content=\"https:\/\/erollz.com\/de\/ueber-uns\/\" \/>\n<meta property=\"og:site_name\" content=\"Erollz\" \/>\n<meta property=\"article:modified_time\" content=\"2023-10-22T17:33:18+00:00\" \/>\n<meta name=\"twitter:card\" content=\"summary_large_image\" \/>\n<meta name=\"twitter:label1\" content=\"Gesch\u00e4tzte Lesezeit\" \/>\n\t<meta name=\"twitter:data1\" content=\"2\u00a0Minuten\" \/>\n<script type=\"application\/ld+json\" class=\"yoast-schema-graph\">{\"@context\":\"https:\/\/schema.org\",\"@graph\":[{\"@type\":\"WebPage\",\"@id\":\"https:\/\/erollz.com\/de\/ueber-uns\/\",\"url\":\"https:\/\/erollz.com\/de\/ueber-uns\/\",\"name\":\"\u00dcber uns - Erollz\",\"isPartOf\":{\"@id\":\"https:\/\/erollz.com\/de\/#website\"},\"datePublished\":\"2016-06-13T13:48:45+00:00\",\"dateModified\":\"2023-10-22T17:33:18+00:00\",\"breadcrumb\":{\"@id\":\"https:\/\/erollz.com\/de\/ueber-uns\/#breadcrumb\"},\"inLanguage\":\"de\",\"potentialAction\":[{\"@type\":\"ReadAction\",\"target\":[\"https:\/\/erollz.com\/de\/ueber-uns\/\"]}]},{\"@type\":\"BreadcrumbList\",\"@id\":\"https:\/\/erollz.com\/de\/ueber-uns\/#breadcrumb\",\"itemListElement\":[{\"@type\":\"ListItem\",\"position\":1,\"name\":\"Home\",\"item\":\"https:\/\/erollz.com\/de\/\"},{\"@type\":\"ListItem\",\"position\":2,\"name\":\"\u00dcber uns\"}]},{\"@type\":\"WebSite\",\"@id\":\"https:\/\/erollz.com\/de\/#website\",\"url\":\"https:\/\/erollz.com\/de\/\",\"name\":\"E-Step online kopen? Bekijk onze assortiment\",\"description\":\"E-fatbike &amp; E-step\",\"publisher\":{\"@id\":\"https:\/\/erollz.com\/de\/#organization\"},\"potentialAction\":[{\"@type\":\"SearchAction\",\"target\":{\"@type\":\"EntryPoint\",\"urlTemplate\":\"https:\/\/erollz.com\/de\/?s={search_term_string}\"},\"query-input\":\"required name=search_term_string\"}],\"inLanguage\":\"de\"},{\"@type\":\"Organization\",\"@id\":\"https:\/\/erollz.com\/de\/#organization\",\"name\":\"E-Rollz\",\"url\":\"https:\/\/erollz.com\/de\/\",\"logo\":{\"@type\":\"ImageObject\",\"inLanguage\":\"de\",\"@id\":\"https:\/\/erollz.com\/de\/#\/schema\/logo\/image\/\",\"url\":\"https:\/\/erollz.com\/wp-content\/uploads\/2023\/07\/logo-e-rollz-small-v2.png\",\"contentUrl\":\"https:\/\/erollz.com\/wp-content\/uploads\/2023\/07\/logo-e-rollz-small-v2.png\",\"width\":490,\"height\":188,\"caption\":\"E-Rollz\"},\"image\":{\"@id\":\"https:\/\/erollz.com\/de\/#\/schema\/logo\/image\/\"}}]}<\/script>\n<!-- \/ Yoast SEO plugin. -->","yoast_head_json":{"title":"\u00dcber uns - Erollz","robots":{"index":"noindex","follow":"nofollow"},"og_locale":"de_DE","og_type":"article","og_title":"\u00dcber uns - Erollz","og_description":"[vc_row wrap_container=&#8221;yes&#8221; css=&#8221;.vc_custom_1519804692056{padding-top: 30px !important;padding-bottom: 30px !important;}&#8221;][vc_column][vc_row_inner][vc_column_inner width=&#8221;1\/6&#8243;][\/vc_column_inner][vc_column_inner width=&#8221;2\/3&#8243;][vc_column_text]Willkommen bei E-Rollz, Ihrer f\u00fchrenden Quelle f\u00fcr hochwertige Elektroscooter und Mobilit\u00e4tsl\u00f6sungen. Unsere Leidenschaft gilt der Elektromobilit\u00e4t und wir sind bestrebt, unseren Kunden die besten Produkte und den besten Service in der Branche zu bieten. Mission Unser Ziel ist es, Ihre Mobilit\u00e4t zu ver\u00e4ndern und zu einer gr\u00fcneren [&hellip;]","og_url":"https:\/\/erollz.com\/de\/ueber-uns\/","og_site_name":"Erollz","article_modified_time":"2023-10-22T17:33:18+00:00","twitter_card":"summary_large_image","twitter_misc":{"Gesch\u00e4tzte Lesezeit":"2\u00a0Minuten"},"schema":{"@context":"https:\/\/schema.org","@graph":[{"@type":"WebPage","@id":"https:\/\/erollz.com\/de\/ueber-uns\/","url":"https:\/\/erollz.com\/de\/ueber-uns\/","name":"\u00dcber uns - Erollz","isPartOf":{"@id":"https:\/\/erollz.com\/de\/#website"},"datePublished":"2016-06-13T13:48:45+00:00","dateModified":"2023-10-22T17:33:18+00:00","breadcrumb":{"@id":"https:\/\/erollz.com\/de\/ueber-uns\/#breadcrumb"},"inLanguage":"de","potentialAction":[{"@type":"ReadAction","target":["https:\/\/erollz.com\/de\/ueber-uns\/"]}]},{"@type":"BreadcrumbList","@id":"https:\/\/erollz.com\/de\/ueber-uns\/#breadcrumb","itemListElement":[{"@type":"ListItem","position":1,"name":"Home","item":"https:\/\/erollz.com\/de\/"},{"@type":"ListItem","position":2,"name":"\u00dcber uns"}]},{"@type":"WebSite","@id":"https:\/\/erollz.com\/de\/#website","url":"https:\/\/erollz.com\/de\/","name":"E-Step online kopen? Bekijk onze assortiment","description":"E-fatbike &amp; E-step","publisher":{"@id":"https:\/\/erollz.com\/de\/#organization"},"potentialAction":[{"@type":"SearchAction","target":{"@type":"EntryPoint","urlTemplate":"https:\/\/erollz.com\/de\/?s={search_term_string}"},"query-input":"required name=search_term_string"}],"inLanguage":"de"},{"@type":"Organization","@id":"https:\/\/erollz.com\/de\/#organization","name":"E-Rollz","url":"https:\/\/erollz.com\/de\/","logo":{"@type":"ImageObject","inLanguage":"de","@id":"https:\/\/erollz.com\/de\/#\/schema\/logo\/image\/","url":"https:\/\/erollz.com\/wp-content\/uploads\/2023\/07\/logo-e-rollz-small-v2.png","contentUrl":"https:\/\/erollz.com\/wp-content\/uploads\/2023\/07\/logo-e-rollz-small-v2.png","width":490,"height":188,"caption":"E-Rollz"},"image":{"@id":"https:\/\/erollz.com\/de\/#\/schema\/logo\/image\/"}}]}},"_links":{"self":[{"href":"https:\/\/erollz.com\/de\/wp-json\/wp\/v2\/pages\/4338","targetHints":{"allow":["GET"]}}],"collection":[{"href":"https:\/\/erollz.com\/de\/wp-json\/wp\/v2\/pages"}],"about":[{"href":"https:\/\/erollz.com\/de\/wp-json\/wp\/v2\/types\/page"}],"author":[{"embeddable":true,"href":"https:\/\/erollz.com\/de\/wp-json\/wp\/v2\/users\/1"}],"replies":[{"embeddable":true,"href":"https:\/\/erollz.com\/de\/wp-json\/wp\/v2\/comments?post=4338"}],"version-history":[{"count":5,"href":"https:\/\/erollz.com\/de\/wp-json\/wp\/v2\/pages\/4338\/revisions"}],"predecessor-version":[{"id":4345,"href":"https:\/\/erollz.com\/de\/wp-json\/wp\/v2\/pages\/4338\/revisions\/4345"}],"wp:attachment":[{"href":"https:\/\/erollz.com\/de\/wp-json\/wp\/v2\/media?parent=4338"}],"curies":[{"name":"wp","href":"https:\/\/api.w.org\/{rel}","templated":true}]}}