{"id":4578,"date":"2023-10-26T17:09:49","date_gmt":"2023-10-26T15:09:49","guid":{"rendered":"https:\/\/erollz.com\/kontakt\/"},"modified":"2024-08-24T19:47:40","modified_gmt":"2024-08-24T17:47:40","slug":"kontakt","status":"publish","type":"page","link":"https:\/\/erollz.com\/de\/kontakt\/","title":{"rendered":"Kontakt"},"content":{"rendered":"<div class=\"wpb-content-wrapper\"><p>[vc_row wrap_container=&#8221;yes&#8221; css=&#8221;.vc_custom_1519806887930{padding-top: 50px !important;padding-bottom: 10px !important;}&#8221;][vc_column][vc_row_inner][vc_column_inner width=&#8221;1\/6&#8243;][\/vc_column_inner][vc_column_inner width=&#8221;2\/3&#8243;]<div class=\"porto-u-heading  wpb_custom_95aa9a11c17ad45cfabaf210d84ee7cc porto-u-55ca8359258f9a412be7e73af65d2aac \"><div class=\"porto-u-main-heading\"><h1  >Kontakt<\/h1><\/div><style>.porto-u-55ca8359258f9a412be7e73af65d2aac.porto-u-heading{text-align:center}<\/style><\/div>[vc_column_text]<\/p>\n<p style=\"text-align: center;\">Wenn Sie eine Frage haben, die in unseren h\u00e4ufig gestellten Fragen nicht beantwortet wird, k\u00f6nnen Sie uns einfach kontaktieren.<\/p>\n<p style=\"text-align: center;\">F\u00fcr eine schnelle Antwort senden Sie eine E-Mail an info@erollz.com.<\/p>\n<p>[\/vc_column_text][\/vc_column_inner][vc_column_inner width=&#8221;1\/6&#8243;][\/vc_column_inner][\/vc_row_inner][\/vc_column][\/vc_row][vc_row wrap_container=&#8221;yes&#8221; css=&#8221;.vc_custom_1689707945501{padding-top: 50px !important;padding-bottom: 40px !important;background-color: #f4f4f4 !important;}&#8221; conditional_render=&#8221;%5B%7B%22value_role%22%3A%22administrator%22%7D%5D&#8221;][vc_column][vc_row_inner][vc_column_inner width=&#8221;1\/6&#8243;][\/vc_column_inner][vc_column_inner width=&#8221;2\/3&#8243;]<div class=\"porto-u-heading  wpb_custom_95aa9a11c17ad45cfabaf210d84ee7cc porto-u-55ca8359258f9a412be7e73af65d2aac \"><div class=\"porto-u-main-heading\"><h1  >H\u00e4ufig gestellte Fragen<\/h1><\/div><style>.porto-u-55ca8359258f9a412be7e73af65d2aac.porto-u-heading{text-align:center}<\/style><\/div>[vc_column_text]Hier finden Sie Antworten auf die h\u00e4ufigsten Fragen zu unseren Elektroscootern. Bevor Sie sich mit uns in Verbindung setzen, empfehlen wir Ihnen, diesen Abschnitt zu konsultieren, da Sie dort vielleicht schnell die Antwort finden, die Sie suchen.[\/vc_column_text][\/vc_column_inner][vc_column_inner width=&#8221;1\/6&#8243;][\/vc_column_inner][\/vc_row_inner][vc_row_inner wrap_container=&#8221;yes&#8221;][vc_column_inner width=&#8221;1\/2&#8243;][vc_toggle title=&#8221;Sind Elektroroller in den Niederlanden legal?&#8221;]Ja, einige Elektroroller sind in den Niederlanden legal. Es gibt jedoch bestimmte Regeln und Vorschriften, die Sie einhalten m\u00fcssen, um sicher und legal zu fahren, z. B. Geschwindigkeitsbegrenzungen und die Benutzung von Radwegen. \u00dcberpr\u00fcfen Sie immer die \u00f6rtlichen Gesetze und Vorschriften.[\/vc_toggle][vc_toggle title=&#8221;Wie hoch ist die H\u00f6chstgeschwindigkeit eines Elektrorollers in den Niederlanden?&#8221;]Die H\u00f6chstgeschwindigkeit f\u00fcr Elektroroller in den Niederlanden betr\u00e4gt 25 Kilometer pro Stunde. Es ist wichtig, dass Sie Ihre Geschwindigkeit an die Umgebung anpassen und auf andere Verkehrsteilnehmer R\u00fccksicht nehmen.[\/vc_toggle][vc_toggle title=&#8221;Sollte ich beim Fahren eines Elektrorollers einen Helm tragen?&#8221;]Das Tragen eines Helms ist in den Niederlanden f\u00fcr Benutzer von Elektrorollern nicht vorgeschrieben. Es ist jedoch sehr empfehlenswert, insbesondere bei h\u00f6heren Geschwindigkeiten oder auf verkehrsreichen Stra\u00dfen.[\/vc_toggle][vc_toggle title=&#8221;Kann ich mit einem Elektroroller auf dem Radweg fahren?&#8221;]Ja, Elektroroller d\u00fcrfen in den Niederlanden auf dem Radweg fahren. Nehmen Sie jedoch R\u00fccksicht auf andere Radfahrer und Fu\u00dfg\u00e4nger und beachten Sie die Verkehrsregeln.[\/vc_toggle][\/vc_column_inner][vc_column_inner width=&#8221;1\/2&#8243;][vc_toggle title=&#8221;Muss ich eine Versicherung f\u00fcr meinen Elektroroller abschlie\u00dfen?&#8221;]Ja, der Abschluss einer Haftpflichtversicherung f\u00fcr Elektroroller ist in den Niederlanden obligatorisch. Diese Versicherung deckt alle Sch\u00e4den, die Sie bei der Benutzung Ihres Elektromobils anderen zuf\u00fcgen.<\/p>\n<p>[\/vc_toggle][vc_toggle title=&#8221;Kann ich meinen Elektroroller in \u00f6ffentlichen Verkehrsmitteln benutzen?&#8221;]Die Regeln f\u00fcr die Mitnahme eines Elektrorollers in \u00f6ffentlichen Verkehrsmitteln k\u00f6nnen unterschiedlich sein. Im Allgemeinen sind faltbare Elektroroller in \u00f6ffentlichen Verkehrsmitteln erlaubt, sofern sie zusammengeklappt sind und die anderen Fahrg\u00e4ste nicht st\u00f6ren.[\/vc_toggle][vc_toggle title=&#8221;Wie kann ich meinen Elektroroller aufladen?&#8221;]Sie k\u00f6nnen Ihren Elektroroller an einer normalen Steckdose aufladen. Die meisten Elektroroller werden mit einem Ladeger\u00e4t geliefert, das Sie an eine normale Steckdose anschlie\u00dfen k\u00f6nnen. Es ist wichtig, die Anweisungen des Herstellers zu befolgen, um einen sicheren und effizienten Ladevorgang zu gew\u00e4hrleisten.[\/vc_toggle][vc_toggle title=&#8221;Brauche ich einen F\u00fchrerschein, um einen Elektroroller zu fahren?&#8221;]Nein, Sie brauchen keinen F\u00fchrerschein, um in den Niederlanden einen Elektroroller zu fahren. Es ist jedoch wichtig, sich mit den Verkehrs- und Sicherheitsvorschriften vertraut zu machen.[\/vc_toggle][\/vc_column_inner][\/vc_row_inner][\/vc_column][\/vc_row][vc_row][vc_column][\/vc_column][\/vc_row]<\/p>\n<\/div>","protected":false},"excerpt":{"rendered":"<p>[vc_row wrap_container=&#8221;yes&#8221; css=&#8221;.vc_custom_1519806887930{padding-top: 50px !important;padding-bottom: 10px !important;}&#8221;][vc_column][vc_row_inner][vc_column_inner width=&#8221;1\/6&#8243;][\/vc_column_inner][vc_column_inner width=&#8221;2\/3&#8243;][vc_column_text] Wenn Sie eine Frage haben, die in unseren h\u00e4ufig gestellten Fragen nicht beantwortet wird, k\u00f6nnen Sie uns einfach kontaktieren. F\u00fcr eine schnelle Antwort senden Sie eine E-Mail an info@erollz.com. [\/vc_column_text][\/vc_column_inner][vc_column_inner width=&#8221;1\/6&#8243;][\/vc_column_inner][\/vc_row_inner][\/vc_column][\/vc_row][vc_row wrap_container=&#8221;yes&#8221; css=&#8221;.vc_custom_1689707945501{padding-top: 50px !important;padding-bottom: 40px !important;background-color: #f4f4f4 !important;}&#8221; conditional_render=&#8221;%5B%7B%22value_role%22%3A%22administrator%22%7D%5D&#8221;][vc_column][vc_row_inner][vc_column_inner width=&#8221;1\/6&#8243;][\/vc_column_inner][vc_column_inner width=&#8221;2\/3&#8243;][vc_column_text]Hier finden Sie Antworten auf [&hellip;]<\/p>\n","protected":false},"author":1,"featured_media":0,"parent":0,"menu_order":0,"comment_status":"closed","ping_status":"closed","template":"","meta":{"footnotes":""},"class_list":["post-4578","page","type-page","status-publish","hentry"],"yoast_head":"<!-- This site is optimized with the Yoast SEO plugin v22.1 - https:\/\/yoast.com\/wordpress\/plugins\/seo\/ -->\n<title>Kontakt - Erollz<\/title>\n<meta name=\"robots\" content=\"index, follow, max-snippet:-1, max-image-preview:large, max-video-preview:-1\" \/>\n<link rel=\"canonical\" href=\"https:\/\/erollz.com\/de\/kontakt\/\" \/>\n<meta property=\"og:locale\" content=\"de_DE\" \/>\n<meta property=\"og:type\" content=\"article\" \/>\n<meta property=\"og:title\" content=\"Kontakt - Erollz\" \/>\n<meta property=\"og:description\" content=\"[vc_row wrap_container=&#8221;yes&#8221; css=&#8221;.vc_custom_1519806887930{padding-top: 50px !important;padding-bottom: 10px !important;}&#8221;][vc_column][vc_row_inner][vc_column_inner width=&#8221;1\/6&#8243;][\/vc_column_inner][vc_column_inner width=&#8221;2\/3&#8243;][vc_column_text] Wenn Sie eine Frage haben, die in unseren h\u00e4ufig gestellten Fragen nicht beantwortet wird, k\u00f6nnen Sie uns einfach kontaktieren. F\u00fcr eine schnelle Antwort senden Sie eine E-Mail an info@erollz.com. [\/vc_column_text][\/vc_column_inner][vc_column_inner width=&#8221;1\/6&#8243;][\/vc_column_inner][\/vc_row_inner][\/vc_column][\/vc_row][vc_row wrap_container=&#8221;yes&#8221; css=&#8221;.vc_custom_1689707945501{padding-top: 50px !important;padding-bottom: 40px !important;background-color: #f4f4f4 !important;}&#8221; conditional_render=&#8221;%5B%7B%22value_role%22%3A%22administrator%22%7D%5D&#8221;][vc_column][vc_row_inner][vc_column_inner width=&#8221;1\/6&#8243;][\/vc_column_inner][vc_column_inner width=&#8221;2\/3&#8243;][vc_column_text]Hier finden Sie Antworten auf [&hellip;]\" \/>\n<meta property=\"og:url\" content=\"https:\/\/erollz.com\/de\/kontakt\/\" \/>\n<meta property=\"og:site_name\" content=\"Erollz\" \/>\n<meta property=\"article:modified_time\" content=\"2024-08-24T17:47:40+00:00\" \/>\n<meta name=\"twitter:card\" content=\"summary_large_image\" \/>\n<meta name=\"twitter:label1\" content=\"Gesch\u00e4tzte Lesezeit\" \/>\n\t<meta name=\"twitter:data1\" content=\"2\u00a0Minuten\" \/>\n<script type=\"application\/ld+json\" class=\"yoast-schema-graph\">{\"@context\":\"https:\/\/schema.org\",\"@graph\":[{\"@type\":\"WebPage\",\"@id\":\"https:\/\/erollz.com\/de\/kontakt\/\",\"url\":\"https:\/\/erollz.com\/de\/kontakt\/\",\"name\":\"Kontakt - Erollz\",\"isPartOf\":{\"@id\":\"https:\/\/erollz.com\/de\/#website\"},\"datePublished\":\"2023-10-26T15:09:49+00:00\",\"dateModified\":\"2024-08-24T17:47:40+00:00\",\"breadcrumb\":{\"@id\":\"https:\/\/erollz.com\/de\/kontakt\/#breadcrumb\"},\"inLanguage\":\"de\",\"potentialAction\":[{\"@type\":\"ReadAction\",\"target\":[\"https:\/\/erollz.com\/de\/kontakt\/\"]}]},{\"@type\":\"BreadcrumbList\",\"@id\":\"https:\/\/erollz.com\/de\/kontakt\/#breadcrumb\",\"itemListElement\":[{\"@type\":\"ListItem\",\"position\":1,\"name\":\"Home\",\"item\":\"https:\/\/erollz.com\/de\/\"},{\"@type\":\"ListItem\",\"position\":2,\"name\":\"Kontakt\"}]},{\"@type\":\"WebSite\",\"@id\":\"https:\/\/erollz.com\/de\/#website\",\"url\":\"https:\/\/erollz.com\/de\/\",\"name\":\"E-Step online kopen? Bekijk onze assortiment\",\"description\":\"E-fatbike &amp; E-step\",\"publisher\":{\"@id\":\"https:\/\/erollz.com\/de\/#organization\"},\"potentialAction\":[{\"@type\":\"SearchAction\",\"target\":{\"@type\":\"EntryPoint\",\"urlTemplate\":\"https:\/\/erollz.com\/de\/?s={search_term_string}\"},\"query-input\":\"required name=search_term_string\"}],\"inLanguage\":\"de\"},{\"@type\":\"Organization\",\"@id\":\"https:\/\/erollz.com\/de\/#organization\",\"name\":\"E-Rollz\",\"url\":\"https:\/\/erollz.com\/de\/\",\"logo\":{\"@type\":\"ImageObject\",\"inLanguage\":\"de\",\"@id\":\"https:\/\/erollz.com\/de\/#\/schema\/logo\/image\/\",\"url\":\"https:\/\/erollz.com\/wp-content\/uploads\/2023\/07\/logo-e-rollz-small-v2.png\",\"contentUrl\":\"https:\/\/erollz.com\/wp-content\/uploads\/2023\/07\/logo-e-rollz-small-v2.png\",\"width\":490,\"height\":188,\"caption\":\"E-Rollz\"},\"image\":{\"@id\":\"https:\/\/erollz.com\/de\/#\/schema\/logo\/image\/\"}}]}<\/script>\n<!-- \/ Yoast SEO plugin. -->","yoast_head_json":{"title":"Kontakt - Erollz","robots":{"index":"index","follow":"follow","max-snippet":"max-snippet:-1","max-image-preview":"max-image-preview:large","max-video-preview":"max-video-preview:-1"},"canonical":"https:\/\/erollz.com\/de\/kontakt\/","og_locale":"de_DE","og_type":"article","og_title":"Kontakt - Erollz","og_description":"[vc_row wrap_container=&#8221;yes&#8221; css=&#8221;.vc_custom_1519806887930{padding-top: 50px !important;padding-bottom: 10px !important;}&#8221;][vc_column][vc_row_inner][vc_column_inner width=&#8221;1\/6&#8243;][\/vc_column_inner][vc_column_inner width=&#8221;2\/3&#8243;][vc_column_text] Wenn Sie eine Frage haben, die in unseren h\u00e4ufig gestellten Fragen nicht beantwortet wird, k\u00f6nnen Sie uns einfach kontaktieren. F\u00fcr eine schnelle Antwort senden Sie eine E-Mail an info@erollz.com. [\/vc_column_text][\/vc_column_inner][vc_column_inner width=&#8221;1\/6&#8243;][\/vc_column_inner][\/vc_row_inner][\/vc_column][\/vc_row][vc_row wrap_container=&#8221;yes&#8221; css=&#8221;.vc_custom_1689707945501{padding-top: 50px !important;padding-bottom: 40px !important;background-color: #f4f4f4 !important;}&#8221; conditional_render=&#8221;%5B%7B%22value_role%22%3A%22administrator%22%7D%5D&#8221;][vc_column][vc_row_inner][vc_column_inner width=&#8221;1\/6&#8243;][\/vc_column_inner][vc_column_inner width=&#8221;2\/3&#8243;][vc_column_text]Hier finden Sie Antworten auf [&hellip;]","og_url":"https:\/\/erollz.com\/de\/kontakt\/","og_site_name":"Erollz","article_modified_time":"2024-08-24T17:47:40+00:00","twitter_card":"summary_large_image","twitter_misc":{"Gesch\u00e4tzte Lesezeit":"2\u00a0Minuten"},"schema":{"@context":"https:\/\/schema.org","@graph":[{"@type":"WebPage","@id":"https:\/\/erollz.com\/de\/kontakt\/","url":"https:\/\/erollz.com\/de\/kontakt\/","name":"Kontakt - Erollz","isPartOf":{"@id":"https:\/\/erollz.com\/de\/#website"},"datePublished":"2023-10-26T15:09:49+00:00","dateModified":"2024-08-24T17:47:40+00:00","breadcrumb":{"@id":"https:\/\/erollz.com\/de\/kontakt\/#breadcrumb"},"inLanguage":"de","potentialAction":[{"@type":"ReadAction","target":["https:\/\/erollz.com\/de\/kontakt\/"]}]},{"@type":"BreadcrumbList","@id":"https:\/\/erollz.com\/de\/kontakt\/#breadcrumb","itemListElement":[{"@type":"ListItem","position":1,"name":"Home","item":"https:\/\/erollz.com\/de\/"},{"@type":"ListItem","position":2,"name":"Kontakt"}]},{"@type":"WebSite","@id":"https:\/\/erollz.com\/de\/#website","url":"https:\/\/erollz.com\/de\/","name":"E-Step online kopen? Bekijk onze assortiment","description":"E-fatbike &amp; E-step","publisher":{"@id":"https:\/\/erollz.com\/de\/#organization"},"potentialAction":[{"@type":"SearchAction","target":{"@type":"EntryPoint","urlTemplate":"https:\/\/erollz.com\/de\/?s={search_term_string}"},"query-input":"required name=search_term_string"}],"inLanguage":"de"},{"@type":"Organization","@id":"https:\/\/erollz.com\/de\/#organization","name":"E-Rollz","url":"https:\/\/erollz.com\/de\/","logo":{"@type":"ImageObject","inLanguage":"de","@id":"https:\/\/erollz.com\/de\/#\/schema\/logo\/image\/","url":"https:\/\/erollz.com\/wp-content\/uploads\/2023\/07\/logo-e-rollz-small-v2.png","contentUrl":"https:\/\/erollz.com\/wp-content\/uploads\/2023\/07\/logo-e-rollz-small-v2.png","width":490,"height":188,"caption":"E-Rollz"},"image":{"@id":"https:\/\/erollz.com\/de\/#\/schema\/logo\/image\/"}}]}},"_links":{"self":[{"href":"https:\/\/erollz.com\/de\/wp-json\/wp\/v2\/pages\/4578","targetHints":{"allow":["GET"]}}],"collection":[{"href":"https:\/\/erollz.com\/de\/wp-json\/wp\/v2\/pages"}],"about":[{"href":"https:\/\/erollz.com\/de\/wp-json\/wp\/v2\/types\/page"}],"author":[{"embeddable":true,"href":"https:\/\/erollz.com\/de\/wp-json\/wp\/v2\/users\/1"}],"replies":[{"embeddable":true,"href":"https:\/\/erollz.com\/de\/wp-json\/wp\/v2\/comments?post=4578"}],"version-history":[{"count":8,"href":"https:\/\/erollz.com\/de\/wp-json\/wp\/v2\/pages\/4578\/revisions"}],"predecessor-version":[{"id":5792,"href":"https:\/\/erollz.com\/de\/wp-json\/wp\/v2\/pages\/4578\/revisions\/5792"}],"wp:attachment":[{"href":"https:\/\/erollz.com\/de\/wp-json\/wp\/v2\/media?parent=4578"}],"curies":[{"name":"wp","href":"https:\/\/api.w.org\/{rel}","templated":true}]}}