{"id":4612,"date":"2023-11-17T20:13:02","date_gmt":"2023-11-17T19:13:02","guid":{"rendered":"https:\/\/erollz.com\/rueckgabepolitik\/"},"modified":"2024-03-10T14:29:47","modified_gmt":"2024-03-10T13:29:47","slug":"rueckgabepolitik","status":"publish","type":"page","link":"https:\/\/erollz.com\/de\/rueckgabepolitik\/","title":{"rendered":"R\u00fcckgabepolitik"},"content":{"rendered":"<div class=\"wpb-content-wrapper\"><p>[vc_row][vc_column width=&#8221;1\/6&#8243;][\/vc_column][vc_column width=&#8221;2\/3&#8243;][vc_column_text]<span style=\"font-size: 32px; color: #000000;\"><strong>R\u00fcckgabe oder Umtausch<br \/>\n<\/strong><\/span><\/p>\n<p>Bei erollz.com haben Sie die M\u00f6glichkeit, Ihren Kauf innerhalb von 30 Tagen ab Rechnungsdatum unter bestimmten Bedingungen umzutauschen oder zur\u00fcckzugeben. Die bestellten Produkte m\u00fcssen in unbenutztem und originalem Zustand zur\u00fcckgeschickt werden. Nat\u00fcrlich k\u00f6nnen Sie eine kurze Probefahrt mit dem Fahrrad machen, die aber nicht l\u00e4nger als 5 Kilometer sein darf. Wenn Sie Ihr Fahrrad und\/oder Zubeh\u00f6r zur\u00fcckgeben m\u00f6chten, schicken Sie uns am besten so schnell wie m\u00f6glich eine E-Mail an info@erollz.com.<\/p>\n<p>Sobald wir Ihre R\u00fccksendung erhalten haben, werden wir Ihnen den Betrag innerhalb von zwei Wochen \u00fcberweisen. Wir k\u00f6nnen keine R\u00fccksendungen f\u00fcr Produkte mit sichtbaren Gebrauchsspuren, fehlenden Teilen oder besch\u00e4digter Verpackung annehmen.<\/p>\n<p><span style=\"font-size: 32px; color: #000000;\"><strong>Was sind die Bedingungen f\u00fcr die R\u00fcckgabe?<\/strong><\/span><\/p>\n<ul>\n<li>Sie k\u00f6nnen ein Fahrrad bis zu 30 Tage nach dem Rechnungsdatum Ihres Kaufs zur\u00fcckgeben.<\/li>\n<li>Es d\u00fcrfen maximal 5 Kilometer probeweise gefahren worden sein.<\/li>\n<li>Sie k\u00f6nnen ein Teil oder Zubeh\u00f6r bis zu 30 Tage nach dem Rechnungsdatum Ihres Kaufs zur\u00fcckgeben.<\/li>\n<li>Das Produkt ist vollst\u00e4ndig, unbenutzt und in der Originalverpackung.<br \/>\nWenn Sie ein zusammengesetztes Angebot oder ein B\u00fcndelprodukt kaufen, k\u00f6nnen Sie nur das komplette B\u00fcndel an uns zur\u00fcckschicken.<\/li>\n<\/ul>\n<p>Ausnahmen, die wir nicht zur\u00fccknehmen, sind:<\/p>\n<ul>\n<li>Gegenst\u00e4nde oder Produkte mit Zeichen der Montage oder des Gebrauchs.<\/li>\n<li>Artikel oder Produkte mit fehlender oder besch\u00e4digter Originalverpackung.<\/li>\n<\/ul>\n<p><strong style=\"color: #000000; font-size: 32px;\">Sind damit Kosten verbunden?<br \/>\n<\/strong><\/p>\n<p>Wenn Sie ein Produkt zur\u00fccksenden, fallen R\u00fccksendekosten an, diese Kosten gehen zu Lasten des Kunden. M\u00f6chten Sie das Produkt umtauschen? Sie tragen dann nur die Kosten f\u00fcr die R\u00fccksendung der Ware, wir \u00fcbernehmen die Versandkosten.[\/vc_column_text][\/vc_column][vc_column width=&#8221;1\/6&#8243;][\/vc_column][\/vc_row]<\/p>\n<\/div>","protected":false},"excerpt":{"rendered":"<p>[vc_row][vc_column width=&#8221;1\/6&#8243;][\/vc_column][vc_column width=&#8221;2\/3&#8243;][vc_column_text]R\u00fcckgabe oder Umtausch Bei erollz.com haben Sie die M\u00f6glichkeit, Ihren Kauf innerhalb von 30 Tagen ab Rechnungsdatum unter bestimmten Bedingungen umzutauschen oder zur\u00fcckzugeben. Die bestellten Produkte m\u00fcssen in unbenutztem und originalem Zustand zur\u00fcckgeschickt werden. Nat\u00fcrlich k\u00f6nnen Sie eine kurze Probefahrt mit dem Fahrrad machen, die aber nicht l\u00e4nger als 5 Kilometer sein darf. [&hellip;]<\/p>\n","protected":false},"author":1,"featured_media":0,"parent":0,"menu_order":0,"comment_status":"closed","ping_status":"closed","template":"","meta":{"footnotes":""},"class_list":["post-4612","page","type-page","status-publish","hentry"],"yoast_head":"<!-- This site is optimized with the Yoast SEO plugin v22.1 - https:\/\/yoast.com\/wordpress\/plugins\/seo\/ -->\n<title>R\u00fcckgabepolitik - Erollz<\/title>\n<meta name=\"robots\" content=\"noindex, nofollow\" \/>\n<meta property=\"og:locale\" content=\"de_DE\" \/>\n<meta property=\"og:type\" content=\"article\" \/>\n<meta property=\"og:title\" content=\"R\u00fcckgabepolitik - Erollz\" \/>\n<meta property=\"og:description\" content=\"[vc_row][vc_column width=&#8221;1\/6&#8243;][\/vc_column][vc_column width=&#8221;2\/3&#8243;][vc_column_text]R\u00fcckgabe oder Umtausch Bei erollz.com haben Sie die M\u00f6glichkeit, Ihren Kauf innerhalb von 30 Tagen ab Rechnungsdatum unter bestimmten Bedingungen umzutauschen oder zur\u00fcckzugeben. Die bestellten Produkte m\u00fcssen in unbenutztem und originalem Zustand zur\u00fcckgeschickt werden. Nat\u00fcrlich k\u00f6nnen Sie eine kurze Probefahrt mit dem Fahrrad machen, die aber nicht l\u00e4nger als 5 Kilometer sein darf. [&hellip;]\" \/>\n<meta property=\"og:url\" content=\"https:\/\/erollz.com\/de\/rueckgabepolitik\/\" \/>\n<meta property=\"og:site_name\" content=\"Erollz\" \/>\n<meta property=\"article:modified_time\" content=\"2024-03-10T13:29:47+00:00\" \/>\n<meta name=\"twitter:card\" content=\"summary_large_image\" \/>\n<meta name=\"twitter:label1\" content=\"Gesch\u00e4tzte Lesezeit\" \/>\n\t<meta name=\"twitter:data1\" content=\"2\u00a0Minuten\" \/>\n<script type=\"application\/ld+json\" class=\"yoast-schema-graph\">{\"@context\":\"https:\/\/schema.org\",\"@graph\":[{\"@type\":\"WebPage\",\"@id\":\"https:\/\/erollz.com\/de\/rueckgabepolitik\/\",\"url\":\"https:\/\/erollz.com\/de\/rueckgabepolitik\/\",\"name\":\"R\u00fcckgabepolitik - Erollz\",\"isPartOf\":{\"@id\":\"https:\/\/erollz.com\/de\/#website\"},\"datePublished\":\"2023-11-17T19:13:02+00:00\",\"dateModified\":\"2024-03-10T13:29:47+00:00\",\"breadcrumb\":{\"@id\":\"https:\/\/erollz.com\/de\/rueckgabepolitik\/#breadcrumb\"},\"inLanguage\":\"de\",\"potentialAction\":[{\"@type\":\"ReadAction\",\"target\":[\"https:\/\/erollz.com\/de\/rueckgabepolitik\/\"]}]},{\"@type\":\"BreadcrumbList\",\"@id\":\"https:\/\/erollz.com\/de\/rueckgabepolitik\/#breadcrumb\",\"itemListElement\":[{\"@type\":\"ListItem\",\"position\":1,\"name\":\"Home\",\"item\":\"https:\/\/erollz.com\/de\/\"},{\"@type\":\"ListItem\",\"position\":2,\"name\":\"R\u00fcckgabepolitik\"}]},{\"@type\":\"WebSite\",\"@id\":\"https:\/\/erollz.com\/de\/#website\",\"url\":\"https:\/\/erollz.com\/de\/\",\"name\":\"E-Step online kopen? Bekijk onze assortiment\",\"description\":\"E-fatbike &amp; E-step\",\"publisher\":{\"@id\":\"https:\/\/erollz.com\/de\/#organization\"},\"potentialAction\":[{\"@type\":\"SearchAction\",\"target\":{\"@type\":\"EntryPoint\",\"urlTemplate\":\"https:\/\/erollz.com\/de\/?s={search_term_string}\"},\"query-input\":\"required name=search_term_string\"}],\"inLanguage\":\"de\"},{\"@type\":\"Organization\",\"@id\":\"https:\/\/erollz.com\/de\/#organization\",\"name\":\"E-Rollz\",\"url\":\"https:\/\/erollz.com\/de\/\",\"logo\":{\"@type\":\"ImageObject\",\"inLanguage\":\"de\",\"@id\":\"https:\/\/erollz.com\/de\/#\/schema\/logo\/image\/\",\"url\":\"https:\/\/erollz.com\/wp-content\/uploads\/2023\/07\/logo-e-rollz-small-v2.png\",\"contentUrl\":\"https:\/\/erollz.com\/wp-content\/uploads\/2023\/07\/logo-e-rollz-small-v2.png\",\"width\":490,\"height\":188,\"caption\":\"E-Rollz\"},\"image\":{\"@id\":\"https:\/\/erollz.com\/de\/#\/schema\/logo\/image\/\"}}]}<\/script>\n<!-- \/ Yoast SEO plugin. -->","yoast_head_json":{"title":"R\u00fcckgabepolitik - Erollz","robots":{"index":"noindex","follow":"nofollow"},"og_locale":"de_DE","og_type":"article","og_title":"R\u00fcckgabepolitik - Erollz","og_description":"[vc_row][vc_column width=&#8221;1\/6&#8243;][\/vc_column][vc_column width=&#8221;2\/3&#8243;][vc_column_text]R\u00fcckgabe oder Umtausch Bei erollz.com haben Sie die M\u00f6glichkeit, Ihren Kauf innerhalb von 30 Tagen ab Rechnungsdatum unter bestimmten Bedingungen umzutauschen oder zur\u00fcckzugeben. Die bestellten Produkte m\u00fcssen in unbenutztem und originalem Zustand zur\u00fcckgeschickt werden. Nat\u00fcrlich k\u00f6nnen Sie eine kurze Probefahrt mit dem Fahrrad machen, die aber nicht l\u00e4nger als 5 Kilometer sein darf. [&hellip;]","og_url":"https:\/\/erollz.com\/de\/rueckgabepolitik\/","og_site_name":"Erollz","article_modified_time":"2024-03-10T13:29:47+00:00","twitter_card":"summary_large_image","twitter_misc":{"Gesch\u00e4tzte Lesezeit":"2\u00a0Minuten"},"schema":{"@context":"https:\/\/schema.org","@graph":[{"@type":"WebPage","@id":"https:\/\/erollz.com\/de\/rueckgabepolitik\/","url":"https:\/\/erollz.com\/de\/rueckgabepolitik\/","name":"R\u00fcckgabepolitik - Erollz","isPartOf":{"@id":"https:\/\/erollz.com\/de\/#website"},"datePublished":"2023-11-17T19:13:02+00:00","dateModified":"2024-03-10T13:29:47+00:00","breadcrumb":{"@id":"https:\/\/erollz.com\/de\/rueckgabepolitik\/#breadcrumb"},"inLanguage":"de","potentialAction":[{"@type":"ReadAction","target":["https:\/\/erollz.com\/de\/rueckgabepolitik\/"]}]},{"@type":"BreadcrumbList","@id":"https:\/\/erollz.com\/de\/rueckgabepolitik\/#breadcrumb","itemListElement":[{"@type":"ListItem","position":1,"name":"Home","item":"https:\/\/erollz.com\/de\/"},{"@type":"ListItem","position":2,"name":"R\u00fcckgabepolitik"}]},{"@type":"WebSite","@id":"https:\/\/erollz.com\/de\/#website","url":"https:\/\/erollz.com\/de\/","name":"E-Step online kopen? Bekijk onze assortiment","description":"E-fatbike &amp; E-step","publisher":{"@id":"https:\/\/erollz.com\/de\/#organization"},"potentialAction":[{"@type":"SearchAction","target":{"@type":"EntryPoint","urlTemplate":"https:\/\/erollz.com\/de\/?s={search_term_string}"},"query-input":"required name=search_term_string"}],"inLanguage":"de"},{"@type":"Organization","@id":"https:\/\/erollz.com\/de\/#organization","name":"E-Rollz","url":"https:\/\/erollz.com\/de\/","logo":{"@type":"ImageObject","inLanguage":"de","@id":"https:\/\/erollz.com\/de\/#\/schema\/logo\/image\/","url":"https:\/\/erollz.com\/wp-content\/uploads\/2023\/07\/logo-e-rollz-small-v2.png","contentUrl":"https:\/\/erollz.com\/wp-content\/uploads\/2023\/07\/logo-e-rollz-small-v2.png","width":490,"height":188,"caption":"E-Rollz"},"image":{"@id":"https:\/\/erollz.com\/de\/#\/schema\/logo\/image\/"}}]}},"_links":{"self":[{"href":"https:\/\/erollz.com\/de\/wp-json\/wp\/v2\/pages\/4612","targetHints":{"allow":["GET"]}}],"collection":[{"href":"https:\/\/erollz.com\/de\/wp-json\/wp\/v2\/pages"}],"about":[{"href":"https:\/\/erollz.com\/de\/wp-json\/wp\/v2\/types\/page"}],"author":[{"embeddable":true,"href":"https:\/\/erollz.com\/de\/wp-json\/wp\/v2\/users\/1"}],"replies":[{"embeddable":true,"href":"https:\/\/erollz.com\/de\/wp-json\/wp\/v2\/comments?post=4612"}],"version-history":[{"count":8,"href":"https:\/\/erollz.com\/de\/wp-json\/wp\/v2\/pages\/4612\/revisions"}],"predecessor-version":[{"id":5459,"href":"https:\/\/erollz.com\/de\/wp-json\/wp\/v2\/pages\/4612\/revisions\/5459"}],"wp:attachment":[{"href":"https:\/\/erollz.com\/de\/wp-json\/wp\/v2\/media?parent=4612"}],"curies":[{"name":"wp","href":"https:\/\/api.w.org\/{rel}","templated":true}]}}