{"id":5460,"date":"2024-03-10T14:18:37","date_gmt":"2024-03-10T13:18:37","guid":{"rendered":"https:\/\/erollz.com\/beanstandungen\/"},"modified":"2024-03-10T14:30:02","modified_gmt":"2024-03-10T13:30:02","slug":"beanstandungen","status":"publish","type":"page","link":"https:\/\/erollz.com\/de\/beanstandungen\/","title":{"rendered":"Beanstandungen"},"content":{"rendered":"<div class=\"wpb-content-wrapper\"><p>[vc_row][vc_column width=&#8221;1\/6&#8243;][\/vc_column][vc_column width=&#8221;2\/3&#8243;][vc_column_text]<\/p>\n<h2><strong>Beanstandungen<\/strong><\/h2>\n<p>Es kann immer passieren, dass etwas nicht ganz so l\u00e4uft wie geplant. Wir ermutigen Sie, Beschwerden zun\u00e4chst per E-Mail an info@erollz.com zu richten. F\u00fchrt dies nicht zu einer L\u00f6sung, k\u00f6nnen Sie Ihren Streitfall \u00fcber die Stiftung WebwinkelKeur unter https:\/\/www.webwinkelkeur.nl\/kennisbank\/consumenten\/geschil zur Schlichtung einreichen. Seit dem 15. Februar 2016 k\u00f6nnen Verbraucher in der EU auch Beschwerden \u00fcber die OS-Plattform der Europ\u00e4ischen Kommission einreichen. Diese OS-Plattform finden Sie unter http:\/\/ec.europa.eu\/odr. Wenn Ihre Beschwerde nicht bereits anderswo anh\u00e4ngig ist, k\u00f6nnen Sie Ihre Beschwerde \u00fcber die Plattform der Europ\u00e4ischen Union einreichen.[\/vc_column_text][\/vc_column][vc_column width=&#8221;1\/6&#8243;][\/vc_column][\/vc_row][vc_row wrap_container=&#8221;yes&#8221; css=&#8221;.vc_custom_1689707945501{padding-top: 50px !important;padding-bottom: 40px !important;background-color: #f4f4f4 !important;}&#8221; conditional_render=&#8221;%5B%7B%22value_role%22%3A%22administrator%22%7D%5D&#8221;][vc_column][vc_row_inner][vc_column_inner width=&#8221;1\/6&#8243;][\/vc_column_inner][vc_column_inner width=&#8221;2\/3&#8243;]<div class=\"porto-u-heading  wpb_custom_95aa9a11c17ad45cfabaf210d84ee7cc porto-u-55ca8359258f9a412be7e73af65d2aac \"><div class=\"porto-u-main-heading\"><h1  >H\u00e4ufig gestellte Fragen<\/h1><\/div><style>.porto-u-55ca8359258f9a412be7e73af65d2aac.porto-u-heading{text-align:center}<\/style><\/div>[vc_column_text]Hier finden Sie Antworten auf die am h\u00e4ufigsten gestellten Fragen zu unseren Elektroscootern. Bevor Sie sich mit uns in Verbindung setzen, empfehlen wir Ihnen, diesen Abschnitt zu konsultieren, da er Ihnen hilft, schnell die gesuchte Antwort zu finden.[\/vc_column_text][\/vc_column_inner][vc_column_inner width=&#8221;1\/6&#8243;][\/vc_column_inner][\/vc_row_inner][vc_row_inner wrap_container=&#8221;yes&#8221;][vc_column_inner width=&#8221;1\/2&#8243;][vc_toggle title=&#8221;Sind elektrische Fatbikes in den Niederlanden legal?&#8221;]Ja, einige elektrische Fatbikes sind in den Niederlanden zugelassen. Es gibt jedoch bestimmte Regeln und Vorschriften, die Sie einhalten m\u00fcssen, um sicher und legal zu fahren, z. B. Geschwindigkeitsbegrenzungen (bis zu 25 km\/h) und die Benutzung von Radwegen. \u00dcberpr\u00fcfen Sie immer die \u00f6rtlichen Gesetze und Vorschriften.[\/vc_toggle][vc_toggle title=&#8221;Wie hoch ist die H\u00f6chstgeschwindigkeit f\u00fcr elektrische Fatbikes in den Niederlanden?&#8221;]Die H\u00f6chstgeschwindigkeit f\u00fcr elektrische Fatbikes betr\u00e4gt in den Niederlanden 25 Kilometer pro Stunde. Es ist wichtig, dass Sie Ihre Geschwindigkeit an die Umgebung anpassen und auf andere Verkehrsteilnehmer R\u00fccksicht nehmen.[\/vc_toggle][vc_toggle title=&#8221;Sollte ich beim Fahren eines Elektrorollers einen Helm tragen?&#8221;]Das Tragen eines Helms ist f\u00fcr Benutzer von elektrischen Fatbikes in den Niederlanden nicht vorgeschrieben. Es ist jedoch sehr empfehlenswert, insbesondere bei h\u00f6heren Geschwindigkeiten oder auf verkehrsreichen Stra\u00dfen.[\/vc_toggle][vc_toggle title=&#8221;Darf ich elektrische Fatbikes auf dem Radweg benutzen?&#8221;]Ja, elektrische Fatbikes d\u00fcrfen in den Niederlanden auf dem Radweg fahren. Seien Sie r\u00fccksichtsvoll gegen\u00fcber anderen Fatbikes und Fu\u00dfg\u00e4ngern und respektieren Sie die Verkehrsregeln.[\/vc_toggle][\/vc_column_inner][vc_column_inner width=&#8221;1\/2&#8243;][vc_toggle title=&#8221;Muss ich eine Versicherung f\u00fcr meinen Elektroroller abschlie\u00dfen?&#8221;]F\u00fcr Fatbike-Besitzer ist es nicht obligatorisch, aber ratsam. Diese Versicherung kommt f\u00fcr Sch\u00e4den auf, die Sie einer anderen Person zuf\u00fcgen. Zum Beispiel, weil Sie mit Ihrem Elektro-Fatbike Sch\u00e4den an fremden Fahrzeugen verursachen.[\/vc_toggle][vc_toggle title=&#8221;Kann ich mein elektrisches Fatbike in \u00f6ffentlichen Verkehrsmitteln mitnehmen?&#8221;]Die Regeln f\u00fcr die Mitnahme eines Elektrorollers in \u00f6ffentlichen Verkehrsmitteln k\u00f6nnen unterschiedlich sein. Im Allgemeinen sind faltbare elektrische Fatbikes in \u00f6ffentlichen Verkehrsmitteln erlaubt, sofern sie zusammengeklappt sind und andere Fahrg\u00e4ste nicht st\u00f6ren.[\/vc_toggle][vc_toggle title=&#8221;Wie kann ich mein elektrisches Fatbike aufladen?&#8221;]Sie k\u00f6nnen Ihr elektrisches Fatbike an einer normalen Steckdose aufladen. Die meisten elektrischen Fatbikes werden mit einem Ladeger\u00e4t geliefert, das Sie an eine normale Steckdose anschlie\u00dfen k\u00f6nnen. Es ist wichtig, die Anweisungen des Herstellers zu befolgen, um einen sicheren und effizienten Ladevorgang zu gew\u00e4hrleisten.[\/vc_toggle][vc_toggle title=&#8221;Brauche ich einen F\u00fchrerschein, um einen Elektroroller zu fahren?&#8221;]Nein, Sie brauchen keinen F\u00fchrerschein, um in den Niederlanden ein elektrisches Fatbike zu fahren. Es ist jedoch wichtig, sich mit den Verkehrs- und Sicherheitsvorschriften vertraut zu machen.[\/vc_toggle][\/vc_column_inner][\/vc_row_inner][\/vc_column][\/vc_row]<\/p>\n<\/div>","protected":false},"excerpt":{"rendered":"<p>[vc_row][vc_column width=&#8221;1\/6&#8243;][\/vc_column][vc_column width=&#8221;2\/3&#8243;][vc_column_text] Beanstandungen Es kann immer passieren, dass etwas nicht ganz so l\u00e4uft wie geplant. Wir ermutigen Sie, Beschwerden zun\u00e4chst per E-Mail an info@erollz.com zu richten. F\u00fchrt dies nicht zu einer L\u00f6sung, k\u00f6nnen Sie Ihren Streitfall \u00fcber die Stiftung WebwinkelKeur unter https:\/\/www.webwinkelkeur.nl\/kennisbank\/consumenten\/geschil zur Schlichtung einreichen. Seit dem 15. Februar 2016 k\u00f6nnen Verbraucher in der [&hellip;]<\/p>\n","protected":false},"author":1,"featured_media":0,"parent":0,"menu_order":0,"comment_status":"closed","ping_status":"closed","template":"","meta":{"footnotes":""},"class_list":["post-5460","page","type-page","status-publish","hentry"],"yoast_head":"<!-- This site is optimized with the Yoast SEO plugin v22.1 - https:\/\/yoast.com\/wordpress\/plugins\/seo\/ -->\n<title>Beanstandungen - Erollz<\/title>\n<meta name=\"robots\" content=\"index, follow, max-snippet:-1, max-image-preview:large, max-video-preview:-1\" \/>\n<link rel=\"canonical\" href=\"https:\/\/erollz.com\/de\/beanstandungen\/\" \/>\n<meta property=\"og:locale\" content=\"de_DE\" \/>\n<meta property=\"og:type\" content=\"article\" \/>\n<meta property=\"og:title\" content=\"Beanstandungen - Erollz\" \/>\n<meta property=\"og:description\" content=\"[vc_row][vc_column width=&#8221;1\/6&#8243;][\/vc_column][vc_column width=&#8221;2\/3&#8243;][vc_column_text] Beanstandungen Es kann immer passieren, dass etwas nicht ganz so l\u00e4uft wie geplant. Wir ermutigen Sie, Beschwerden zun\u00e4chst per E-Mail an info@erollz.com zu richten. F\u00fchrt dies nicht zu einer L\u00f6sung, k\u00f6nnen Sie Ihren Streitfall \u00fcber die Stiftung WebwinkelKeur unter https:\/\/www.webwinkelkeur.nl\/kennisbank\/consumenten\/geschil zur Schlichtung einreichen. Seit dem 15. Februar 2016 k\u00f6nnen Verbraucher in der [&hellip;]\" \/>\n<meta property=\"og:url\" content=\"https:\/\/erollz.com\/de\/beanstandungen\/\" \/>\n<meta property=\"og:site_name\" content=\"Erollz\" \/>\n<meta property=\"article:modified_time\" content=\"2024-03-10T13:30:02+00:00\" \/>\n<meta name=\"twitter:card\" content=\"summary_large_image\" \/>\n<meta name=\"twitter:label1\" content=\"Gesch\u00e4tzte Lesezeit\" \/>\n\t<meta name=\"twitter:data1\" content=\"3\u00a0Minuten\" \/>\n<script type=\"application\/ld+json\" class=\"yoast-schema-graph\">{\"@context\":\"https:\/\/schema.org\",\"@graph\":[{\"@type\":\"WebPage\",\"@id\":\"https:\/\/erollz.com\/de\/beanstandungen\/\",\"url\":\"https:\/\/erollz.com\/de\/beanstandungen\/\",\"name\":\"Beanstandungen - Erollz\",\"isPartOf\":{\"@id\":\"https:\/\/erollz.com\/de\/#website\"},\"datePublished\":\"2024-03-10T13:18:37+00:00\",\"dateModified\":\"2024-03-10T13:30:02+00:00\",\"breadcrumb\":{\"@id\":\"https:\/\/erollz.com\/de\/beanstandungen\/#breadcrumb\"},\"inLanguage\":\"de\",\"potentialAction\":[{\"@type\":\"ReadAction\",\"target\":[\"https:\/\/erollz.com\/de\/beanstandungen\/\"]}]},{\"@type\":\"BreadcrumbList\",\"@id\":\"https:\/\/erollz.com\/de\/beanstandungen\/#breadcrumb\",\"itemListElement\":[{\"@type\":\"ListItem\",\"position\":1,\"name\":\"Home\",\"item\":\"https:\/\/erollz.com\/de\/\"},{\"@type\":\"ListItem\",\"position\":2,\"name\":\"Beanstandungen\"}]},{\"@type\":\"WebSite\",\"@id\":\"https:\/\/erollz.com\/de\/#website\",\"url\":\"https:\/\/erollz.com\/de\/\",\"name\":\"E-Step online kopen? Bekijk onze assortiment\",\"description\":\"E-fatbike &amp; E-step\",\"publisher\":{\"@id\":\"https:\/\/erollz.com\/de\/#organization\"},\"potentialAction\":[{\"@type\":\"SearchAction\",\"target\":{\"@type\":\"EntryPoint\",\"urlTemplate\":\"https:\/\/erollz.com\/de\/?s={search_term_string}\"},\"query-input\":\"required name=search_term_string\"}],\"inLanguage\":\"de\"},{\"@type\":\"Organization\",\"@id\":\"https:\/\/erollz.com\/de\/#organization\",\"name\":\"E-Rollz\",\"url\":\"https:\/\/erollz.com\/de\/\",\"logo\":{\"@type\":\"ImageObject\",\"inLanguage\":\"de\",\"@id\":\"https:\/\/erollz.com\/de\/#\/schema\/logo\/image\/\",\"url\":\"https:\/\/erollz.com\/wp-content\/uploads\/2023\/07\/logo-e-rollz-small-v2.png\",\"contentUrl\":\"https:\/\/erollz.com\/wp-content\/uploads\/2023\/07\/logo-e-rollz-small-v2.png\",\"width\":490,\"height\":188,\"caption\":\"E-Rollz\"},\"image\":{\"@id\":\"https:\/\/erollz.com\/de\/#\/schema\/logo\/image\/\"}}]}<\/script>\n<!-- \/ Yoast SEO plugin. -->","yoast_head_json":{"title":"Beanstandungen - Erollz","robots":{"index":"index","follow":"follow","max-snippet":"max-snippet:-1","max-image-preview":"max-image-preview:large","max-video-preview":"max-video-preview:-1"},"canonical":"https:\/\/erollz.com\/de\/beanstandungen\/","og_locale":"de_DE","og_type":"article","og_title":"Beanstandungen - Erollz","og_description":"[vc_row][vc_column width=&#8221;1\/6&#8243;][\/vc_column][vc_column width=&#8221;2\/3&#8243;][vc_column_text] Beanstandungen Es kann immer passieren, dass etwas nicht ganz so l\u00e4uft wie geplant. Wir ermutigen Sie, Beschwerden zun\u00e4chst per E-Mail an info@erollz.com zu richten. F\u00fchrt dies nicht zu einer L\u00f6sung, k\u00f6nnen Sie Ihren Streitfall \u00fcber die Stiftung WebwinkelKeur unter https:\/\/www.webwinkelkeur.nl\/kennisbank\/consumenten\/geschil zur Schlichtung einreichen. Seit dem 15. Februar 2016 k\u00f6nnen Verbraucher in der [&hellip;]","og_url":"https:\/\/erollz.com\/de\/beanstandungen\/","og_site_name":"Erollz","article_modified_time":"2024-03-10T13:30:02+00:00","twitter_card":"summary_large_image","twitter_misc":{"Gesch\u00e4tzte Lesezeit":"3\u00a0Minuten"},"schema":{"@context":"https:\/\/schema.org","@graph":[{"@type":"WebPage","@id":"https:\/\/erollz.com\/de\/beanstandungen\/","url":"https:\/\/erollz.com\/de\/beanstandungen\/","name":"Beanstandungen - Erollz","isPartOf":{"@id":"https:\/\/erollz.com\/de\/#website"},"datePublished":"2024-03-10T13:18:37+00:00","dateModified":"2024-03-10T13:30:02+00:00","breadcrumb":{"@id":"https:\/\/erollz.com\/de\/beanstandungen\/#breadcrumb"},"inLanguage":"de","potentialAction":[{"@type":"ReadAction","target":["https:\/\/erollz.com\/de\/beanstandungen\/"]}]},{"@type":"BreadcrumbList","@id":"https:\/\/erollz.com\/de\/beanstandungen\/#breadcrumb","itemListElement":[{"@type":"ListItem","position":1,"name":"Home","item":"https:\/\/erollz.com\/de\/"},{"@type":"ListItem","position":2,"name":"Beanstandungen"}]},{"@type":"WebSite","@id":"https:\/\/erollz.com\/de\/#website","url":"https:\/\/erollz.com\/de\/","name":"E-Step online kopen? Bekijk onze assortiment","description":"E-fatbike &amp; E-step","publisher":{"@id":"https:\/\/erollz.com\/de\/#organization"},"potentialAction":[{"@type":"SearchAction","target":{"@type":"EntryPoint","urlTemplate":"https:\/\/erollz.com\/de\/?s={search_term_string}"},"query-input":"required name=search_term_string"}],"inLanguage":"de"},{"@type":"Organization","@id":"https:\/\/erollz.com\/de\/#organization","name":"E-Rollz","url":"https:\/\/erollz.com\/de\/","logo":{"@type":"ImageObject","inLanguage":"de","@id":"https:\/\/erollz.com\/de\/#\/schema\/logo\/image\/","url":"https:\/\/erollz.com\/wp-content\/uploads\/2023\/07\/logo-e-rollz-small-v2.png","contentUrl":"https:\/\/erollz.com\/wp-content\/uploads\/2023\/07\/logo-e-rollz-small-v2.png","width":490,"height":188,"caption":"E-Rollz"},"image":{"@id":"https:\/\/erollz.com\/de\/#\/schema\/logo\/image\/"}}]}},"_links":{"self":[{"href":"https:\/\/erollz.com\/de\/wp-json\/wp\/v2\/pages\/5460","targetHints":{"allow":["GET"]}}],"collection":[{"href":"https:\/\/erollz.com\/de\/wp-json\/wp\/v2\/pages"}],"about":[{"href":"https:\/\/erollz.com\/de\/wp-json\/wp\/v2\/types\/page"}],"author":[{"embeddable":true,"href":"https:\/\/erollz.com\/de\/wp-json\/wp\/v2\/users\/1"}],"replies":[{"embeddable":true,"href":"https:\/\/erollz.com\/de\/wp-json\/wp\/v2\/comments?post=5460"}],"version-history":[{"count":2,"href":"https:\/\/erollz.com\/de\/wp-json\/wp\/v2\/pages\/5460\/revisions"}],"predecessor-version":[{"id":5462,"href":"https:\/\/erollz.com\/de\/wp-json\/wp\/v2\/pages\/5460\/revisions\/5462"}],"wp:attachment":[{"href":"https:\/\/erollz.com\/de\/wp-json\/wp\/v2\/media?parent=5460"}],"curies":[{"name":"wp","href":"https:\/\/api.w.org\/{rel}","templated":true}]}}