{"id":4450,"date":"2023-10-11T21:05:38","date_gmt":"2023-10-11T19:05:38","guid":{"rendered":"https:\/\/erollz.com\/shop\/freego-f2-pro-e-bike\/"},"modified":"2024-05-05T15:29:27","modified_gmt":"2024-05-05T13:29:27","slug":"freego-f2-pro-ebike","status":"publish","type":"product","link":"https:\/\/erollz.com\/de\/shop\/freego-f2-pro-ebike\/","title":{"rendered":"Freego F2 Pro E-Bike"},"content":{"rendered":"<div class=\"wpb-content-wrapper\"><p>[vc_row wrap_container=&#8221;yes&#8221; css=&#8221;.vc_custom_1690315076880{background-color: #f4fbfb !important;}&#8221; conditional_render=&#8221;%5B%7B%22value_role%22%3A%22administrator%22%7D%5D&#8221;][vc_column][vc_row_inner wrap_container=&#8221;yes&#8221;][vc_column_inner][vc_column_text css=&#8221;.vc_custom_1690378463056{margin-top: 25px !important;}&#8221;]<\/p>\n<p style=\"text-align: left;\"><span style=\"font-size: 14px; color: #000000;\"><strong>Kurze Zusammenfassung<\/strong><\/span><\/p>\n<p>[\/vc_column_text][\/vc_column_inner][\/vc_row_inner][vc_row_inner wrap_container=&#8221;yes&#8221; css=&#8221;.vc_custom_1690315066235{margin-bottom: 30px !important;background-color: #f4fbfb !important;}&#8221;][vc_column_inner width=&#8221;1\/2&#8243;]<div class=\"porto-sicon-box  vc_custom_1698094388859  wpb_custom_a021aed9e01ceac754d55914e6551efe style_1 default-icon\"><div class=\"porto-sicon-default\"><div class=\"porto-just-icon-wrapper porto-icon none\" style=\"color:#3ccec9;font-size:20px;\"><i class=\"far fa-smile-beam\"><\/i><\/div><\/div><div class=\"porto-sicon-header\"><h3 class=\"porto-sicon-title\" style=\"\"><strong>20-Zoll-Reifen<\/strong><\/h3><\/div> <!-- header --><\/div><!-- porto-sicon-box --><div class=\"porto-sicon-box  vc_custom_1698094395055  wpb_custom_a021aed9e01ceac754d55914e6551efe style_1 default-icon\"><div class=\"porto-sicon-default\"><div class=\"porto-just-icon-wrapper porto-icon none\" style=\"color:#3ccec9;font-size:20px;\"><i class=\"far fa-smile\"><\/i><\/div><\/div><div class=\"porto-sicon-header\"><h3 class=\"porto-sicon-title\" style=\"\"><strong>7<\/strong> G\u00e4nge<\/h3><\/div> <!-- header --><\/div><!-- porto-sicon-box --><div class=\"porto-sicon-box  vc_custom_1701874216453  wpb_custom_a021aed9e01ceac754d55914e6551efe style_1 default-icon\"><div class=\"porto-sicon-header\"><h3 class=\"porto-sicon-title\" style=\"\">Reichweite von <strong>80 km<\/strong><\/h3><\/div> <!-- header --><\/div><!-- porto-sicon-box -->[\/vc_column_inner][vc_column_inner width=&#8221;1\/2&#8243;]<div class=\"porto-sicon-box  vc_custom_1690646247152  wpb_custom_a021aed9e01ceac754d55914e6551efe style_1 default-icon\"><div class=\"porto-sicon-default\"><div class=\"porto-just-icon-wrapper porto-icon none\" style=\"color:#3ccec9;font-size:20px;\"><i class=\"far fa-smile-beam\"><\/i><\/div><\/div><div class=\"porto-sicon-header\"><h3 class=\"porto-sicon-title\" style=\"\">LED-Beleuchtung vorne und hinten<\/h3><\/div> <!-- header --><\/div><!-- porto-sicon-box --><div class=\"porto-sicon-box  vc_custom_1698094408376  wpb_custom_a021aed9e01ceac754d55914e6551efe style_1 default-icon\"><div class=\"porto-sicon-default\"><div class=\"porto-just-icon-wrapper porto-icon none\" style=\"color:#3ccec9;font-size:20px;\"><i class=\"far fa-smile-beam\"><\/i><\/div><\/div><div class=\"porto-sicon-header\"><h3 class=\"porto-sicon-title\" style=\"\">Robuster Rahmen - Tragf\u00e4higkeit: <strong>150 kg<\/strong><\/h3><\/div> <!-- header --><\/div><!-- porto-sicon-box --><div class=\"porto-sicon-box  vc_custom_1701874207736  wpb_custom_a021aed9e01ceac754d55914e6551efe style_1 default-icon\"><div class=\"porto-sicon-header\"><h3 class=\"porto-sicon-title\" style=\"\">Aufladezeit von <strong>7 Stunden<\/strong><\/h3><\/div> <!-- header --><\/div><!-- porto-sicon-box -->[\/vc_column_inner][\/vc_row_inner][\/vc_column][\/vc_row][vc_row full_width=&#8221;stretch_row&#8221; conditional_render=&#8221;%5B%7B%22value_role%22%3A%22administrator%22%7D%5D&#8221;][vc_column conditional_render=&#8221;%5B%7B%22value_role%22%3A%22administrator%22%7D%5D&#8221;][vc_empty_space height=&#8221;15px&#8221;][vc_column_text]<span style=\"text-decoration: underline;\"><strong><span style=\"padding-left: 14px; color: #3ccec9;\"><a style=\"color: #3ccec9; text-decoration: underline;\" href=\"https:\/\/erollz.com\/vergelijken\/?compare=600,3359,3354\">&gt; Modelle vergleichen<\/a><\/span><\/strong><\/span>[\/vc_column_text][vc_empty_space height=&#8221;42px&#8221;][vc_column_text]<\/p>\n<h3 style=\"text-align: center;\"><span style=\"font-size: 40px; color: #000000;\"><b>Entdecken Sie das Freego F2 Pro E-Bike<\/b><\/span><\/h3>\n<p style=\"text-align: center;\"><b>Der perfekte Begleiter f\u00fcr urbane Abenteuer.<br \/>\n<\/b><span style=\"font-weight: 400;\">Mit seiner kompakten Gr\u00f6\u00dfe und praktischen Funktionen bietet dieses elektrische Fatbike eine komfortable und einfache M\u00f6glichkeit, sich in der Stadt fortzubewegen. <\/span><\/p>\n<p>[\/vc_column_text][vc_row_inner css=&#8221;.vc_custom_1690233130457{margin-top: 40px !important;padding-top: 45px !important;padding-bottom: 45px !important;}&#8221;][vc_column_inner width=&#8221;1\/2&#8243; css=&#8221;.vc_custom_1690146092297{padding-top: 30px !important;}&#8221;][vc_column_text css=&#8221;.vc_custom_1698094445386{margin-right: 30px !important;padding-bottom: 30px !important;}&#8221; el_class=&#8221;ruimte-mb&#8221;]<\/p>\n<h3><span style=\"font-size: 40px;\"><strong><span style=\"color: #3ccec9;\">Batterie austauschbar<\/span><\/strong><\/span><\/h3>\n<p><em>Warum ein elektrisches Fatbike mit austauschbarem Akku w\u00e4hlen?<\/em><\/p>\n<p><strong>Nonstop-Spa\u00df<\/strong>: Dank unserer austauschbaren Batterien m\u00fcssen Sie sich nie Sorgen um die Reichweite Ihrer Fahrt machen. Tauschen Sie einfach eine leere Batterie gegen eine geladene aus, und schon sind Sie wieder auf der Stra\u00dfe.<\/p>\n<p><strong>Umweltfreundlich<\/strong>: Bei der Entwicklung unserer Batterien haben wir die Umwelt im Blick. Wenn eine Batterie das Ende ihrer Lebensdauer erreicht hat, k\u00f6nnen Sie sie ersetzen, ohne das ganze Fahrrad austauschen zu m\u00fcssen.<\/p>\n<p><strong>Lange Lebensdauer<\/strong>: Mit unserer herausnehmbaren Lithium-Batterie von <span style=\"color: #3ccec9;\"><strong>48 V 22,5 Ah <\/strong><\/span>k\u00f6nnen Sie den ganzen Tag lang rudern.[\/vc_column_text][\/vc_column_inner][vc_column_inner width=&#8221;1\/2&#8243;][vc_single_image image=&#8221;4451&#8243; img_size=&#8221;large&#8221;][\/vc_column_inner][\/vc_row_inner][\/vc_column][\/vc_row][vc_row el_class=&#8221;m-b-md&#8221; conditional_render=&#8221;%5B%7B%22value_role%22%3A%22administrator%22%7D%5D&#8221; css=&#8221;.vc_custom_1690314702052{margin-top: 0px !important;padding-top: 50px !important;}&#8221;][vc_column][vc_row_inner css=&#8221;.vc_custom_1690107790664{padding-top: 25px !important;padding-bottom: 45px !important;}&#8221;][vc_column_inner el_class=&#8221;rij-kort&#8221; width=&#8221;1\/2&#8243; css=&#8221;.vc_custom_1690109365690{padding-top: 40px !important;padding-right: 30px !important;}&#8221;][vc_single_image image=&#8221;4452&#8243; img_size=&#8221;full&#8221;][\/vc_column_inner][vc_column_inner width=&#8221;1\/2&#8243; css=&#8221;.vc_custom_1690314526906{margin-top: 80px !important;padding-left: 15px !important;}&#8221;][vc_column_text css=&#8221;.vc_custom_1698094457669{margin-right: 30px !important;padding-bottom: 30px !important;}&#8221; el_class=&#8221;ruimte-mb&#8221;]<\/p>\n<h3><span style=\"font-size: 40px;\"><strong style=\"font-size: 40px;\"><span style=\"color: #3ccec9;\">Aufblasbare Reifen <\/span><\/strong><\/span><\/h3>\n<p>Wenn Sie ein elektrisches Fatbike mit <span style=\"color: #3ccec9;\"><strong>robusten fetten Reifen <\/strong><\/span>f\u00fchlt es sich an wie Motorradfahren. Das liegt auch daran, dass er mit einem Gashebel ausgestattet ist (Treten ist nicht erforderlich). In der Regel befindet sich der Gashebel auf der rechten Seite des Lenkers, so dass man sich eher wie auf einem Motorrad f\u00fchlt.[\/vc_column_text][\/vc_column_inner][\/vc_row_inner][\/vc_column][\/vc_row][vc_row full_width=&#8221;stretch_row&#8221; gap=&#8221;35&#8243; content_placement=&#8221;middle&#8221; css=&#8221;.vc_custom_1690648851169{padding-top: 35px !important;padding-bottom: 35px !important;background-color: #f4fbfb !important;background-position: center !important;background-repeat: no-repeat !important;background-size: cover !important;}&#8221; conditional_render=&#8221;%5B%7B%22value_role%22%3A%22administrator%22%7D%5D&#8221;][vc_column text_align=&#8221;center&#8221; conditional_render=&#8221;%5B%7B%22value_role%22%3A%22administrator%22%7D%5D&#8221;][vc_row_inner wrap_container=&#8221;yes&#8221; content_placement=&#8221;middle&#8221;][vc_column_inner width=&#8221;1\/3&#8243;]<div class=\"porto-sicon-box  wpb_custom_276644dfb05dca86c5c6b01a70c561c1 style_1 default-icon\"><div class=\"porto-sicon-default\"><div class=\"porto-just-icon-wrapper porto-icon none\" style=\"color:#3ccec9;font-size:32px;\"><i class=\"fab fa-whatsapp\"><\/i><\/div><\/div><div class=\"porto-sicon-header\"><h3 class=\"porto-sicon-title\" style=\"\">24\/7 Online-Unterst\u00fctzung<\/h3><\/div> <!-- header --><\/div><!-- porto-sicon-box -->[\/vc_column_inner][vc_column_inner width=&#8221;1\/3&#8243;]<div class=\"porto-sicon-box  wpb_custom_276644dfb05dca86c5c6b01a70c561c1 style_1 default-icon\"><div class=\"porto-sicon-default\"><div class=\"porto-just-icon-wrapper porto-icon none\" style=\"color:#3ccec9;font-size:32px;\"><i class=\"porto-icon-shipping\"><\/i><\/div><\/div><div class=\"porto-sicon-header\"><h3 class=\"porto-sicon-title\" style=\"\">Kostenlose Lieferung und R\u00fcckgabe<\/h3><\/div> <!-- header --><\/div><!-- porto-sicon-box -->[\/vc_column_inner][vc_column_inner width=&#8221;1\/3&#8243;]<div class=\"porto-sicon-box  wpb_custom_276644dfb05dca86c5c6b01a70c561c1 style_1 default-icon\"><div class=\"porto-sicon-default\"><div class=\"porto-just-icon-wrapper porto-icon none\" style=\"color:#3ccec9;font-size:32px;\"><i class=\"far fa-smile\"><\/i><\/div><\/div><div class=\"porto-sicon-header\"><h3 class=\"porto-sicon-title\" style=\"\">30-t\u00e4gige Bedenkzeit<\/h3><\/div> <!-- header --><\/div><!-- porto-sicon-box -->[\/vc_column_inner][\/vc_row_inner][\/vc_column][\/vc_row][vc_row wrap_container=&#8221;yes&#8221; el_class=&#8221;m-b-md&#8221; conditional_render=&#8221;%5B%7B%22value_role%22%3A%22administrator%22%7D%5D&#8221; css=&#8221;.vc_custom_1690145916961{margin-top: 0px !important;padding-top: 50px !important;}&#8221;][vc_column][vc_row_inner css=&#8221;.vc_custom_1690107790664{padding-top: 25px !important;padding-bottom: 45px !important;}&#8221;][vc_column_inner el_class=&#8221;rij-kort&#8221; width=&#8221;1\/2&#8243; css=&#8221;.vc_custom_1690109365690{padding-top: 40px !important;padding-right: 30px !important;}&#8221;][vc_empty_space height=&#8221;42px&#8221;][vc_column_text css=&#8221;.vc_custom_1697221541088{margin-right: 30px !important;padding-bottom: 30px !important;}&#8221; el_class=&#8221;ruimte-mb&#8221;]<\/p>\n<h3><span style=\"font-size: 40px;\"><strong>Robustheit und <span style=\"color: #3ccec9;\">Qualit\u00e4t<\/span><\/strong><\/span><\/h3>\n<p>Das Freego F2 Elektro-Fatbike zeichnet sich durch seine robuste Konstruktion und Qualit\u00e4t aus. Der robuste Rahmen und die hochwertigen Materialien garantieren eine lange Lebensdauer.<\/p>\n<p>Scheibenbremsen sind robust und k\u00f6nnen die Geschwindigkeit effektiv reduzieren. Dies erm\u00f6glicht es Ihnen, in verschiedenen Umgebungen sicher zu fahren.[\/vc_column_text][\/vc_column_inner][vc_column_inner width=&#8221;1\/2&#8243; css=&#8221;.vc_custom_1690647807664{margin-top: 40px !important;}&#8221;][vc_single_image image=&#8221;4453&#8243; img_size=&#8221;full&#8221;][\/vc_column_inner][\/vc_row_inner][vc_row_inner css=&#8221;.vc_custom_1690107790664{padding-top: 25px !important;padding-bottom: 45px !important;}&#8221;][vc_column_inner el_class=&#8221;rij-kort&#8221; width=&#8221;1\/2&#8243; css=&#8221;.vc_custom_1690109365690{padding-top: 40px !important;padding-right: 30px !important;}&#8221;][vc_single_image image=&#8221;4462&#8243; img_size=&#8221;full&#8221;][\/vc_column_inner][vc_column_inner width=&#8221;1\/2&#8243; css=&#8221;.vc_custom_1690314526906{margin-top: 80px !important;padding-left: 15px !important;}&#8221;][vc_empty_space height=&#8221;42px&#8221;][vc_column_text css=&#8221;.vc_custom_1697285709287{margin-right: 30px !important;padding-bottom: 30px !important;}&#8221; el_class=&#8221;ruimte-mb&#8221;]<\/p>\n<h3><span style=\"font-size: 36px;\"><strong><span style=\"color: #3ccec9;\">Multifunktional<\/span><\/strong><\/span><\/h3>\n<p>Die Multifunktionsanzeige reagiert schnell auf Kilometerstand und Batteriekapazit\u00e4t. Sie k\u00f6nnen die Geschwindigkeit in Echtzeit sehen, sie \u00fcberwachen und jede Fahrt unbesorgt genie\u00dfen.<\/p>\n<p>Koppeln Sie Ihr Telefon ohne Bedenken. Es bleibt stabil und man kann das Telefon problemlos aufladen.[\/vc_column_text][\/vc_column_inner][\/vc_row_inner][\/vc_column][\/vc_row][vc_row full_width=&#8221;stretch_row&#8221; css=&#8221;.vc_custom_1690145954635{background-color: #f4fbfb !important;}&#8221; conditional_render=&#8221;%5B%7B%22value_role%22%3A%22administrator%22%7D%5D&#8221;][vc_column][vc_row_inner wrap_container=&#8221;yes&#8221; css=&#8221;.vc_custom_1690145925923{padding-top: 25px !important;padding-bottom: 45px !important;}&#8221;][vc_column_inner el_class=&#8221;rij-kort&#8221; width=&#8221;1\/2&#8243; css=&#8221;.vc_custom_1690109365690{padding-top: 40px !important;padding-right: 30px !important;}&#8221;][vc_empty_space height=&#8221;42px&#8221;][vc_column_text css=&#8221;.vc_custom_1701874229216{margin-right: 30px !important;padding-bottom: 30px !important;}&#8221; el_class=&#8221;ruimte-mb&#8221;]<\/p>\n<h3><span style=\"font-size: 40px;\"><strong>Leistung &amp; <span style=\"color: #3ccec9;\">Reichweite<\/span><\/strong><\/span><\/h3>\n<p>Das Freego Elektro-Fatbike ist mit starker Leistung ausgelegt und hat eine normale Reichweite von <span style=\"color: #3ccec9;\"><strong>80 km<\/strong><\/span>. Der leistungsstarke Motor sorgt f\u00fcr schnelle Beschleunigung und m\u00fcheloses Fahren, w\u00e4hrend der hochwertige Akku mit einer einzigen Ladung eine normale Reichweite erm\u00f6glicht.<\/p>\n<p>Sie k\u00f6nnen nun unbesorgt auf normale Reisen gehen und neue Abenteuer erleben, denn Sie wissen, dass Ihnen nicht so bald der Strom ausgehen wird.[\/vc_column_text][\/vc_column_inner][vc_column_inner width=&#8221;1\/2&#8243; css=&#8221;.vc_custom_1690109136972{margin-top: 80px !important;padding-left: 30px !important;}&#8221;][vc_single_image image=&#8221;4455&#8243; img_size=&#8221;full&#8221;][\/vc_column_inner][\/vc_row_inner][\/vc_column][\/vc_row][vc_row][vc_column][vc_empty_space height=&#8221;12px&#8221;][\/vc_column][\/vc_row]<\/p>\n<\/div>","protected":false},"excerpt":{"rendered":"<p><span style=\"font-size: 12px;\"><span style=\"color: #000000;\"><span style=\"color: #808080;\">Maximale Reichweite rein elektrisch: <\/span><strong>80 km<br \/>\n<\/strong><\/span><span style=\"color: #000000;\"><span style=\"color: #808080;\">Max. Geschwindigkeit<\/span>:<strong> 25 km\/h<br \/>\n<\/strong><\/span><span style=\"color: #333333;\"><span style=\"color: #808080;\">Aufladezeit: <\/span><strong>7 Stunden<\/strong><br \/>\n<\/span><\/span><\/p>\n","protected":false},"featured_media":4927,"comment_status":"open","ping_status":"closed","template":"","meta":[],"product_brand":[],"product_cat":[227,236],"product_tag":[],"class_list":{"0":"post-4450","1":"product","2":"type-product","3":"status-publish","4":"has-post-thumbnail","6":"product_cat-e-fatbikes-de","7":"product_cat-freego-de","9":"first","10":"outofstock","11":"sale","12":"featured","13":"taxable","14":"shipping-taxable","15":"purchasable","16":"product-type-simple"},"yoast_head":"<!-- This site is optimized with the Yoast SEO plugin v22.1 - https:\/\/yoast.com\/wordpress\/plugins\/seo\/ -->\n<title>Freego F2 Pro E-Bike - Erollz<\/title>\n<meta name=\"robots\" content=\"index, follow, max-snippet:-1, max-image-preview:large, max-video-preview:-1\" \/>\n<link rel=\"canonical\" href=\"https:\/\/erollz.com\/de\/shop\/freego-f2-pro-ebike\/\" \/>\n<meta property=\"og:locale\" content=\"de_DE\" \/>\n<meta property=\"og:type\" content=\"article\" \/>\n<meta property=\"og:title\" content=\"Freego F2 Pro E-Bike - Erollz\" \/>\n<meta property=\"og:description\" content=\"Maximale Reichweite rein elektrisch: 80 km Max. Geschwindigkeit: 25 km\/h Aufladezeit: 7 Stunden\" \/>\n<meta property=\"og:url\" content=\"https:\/\/erollz.com\/de\/shop\/freego-f2-pro-ebike\/\" \/>\n<meta property=\"og:site_name\" content=\"Erollz\" \/>\n<meta property=\"article:modified_time\" content=\"2024-05-05T13:29:27+00:00\" \/>\n<meta property=\"og:image\" content=\"https:\/\/erollz.com\/wp-content\/uploads\/2023\/10\/freego-kopen-elektrische-fatbike-voorzijkant-trans-erollz.png\" \/>\n\t<meta property=\"og:image:width\" content=\"800\" \/>\n\t<meta property=\"og:image:height\" content=\"755\" \/>\n\t<meta property=\"og:image:type\" content=\"image\/png\" \/>\n<meta name=\"twitter:card\" content=\"summary_large_image\" \/>\n<meta name=\"twitter:label1\" content=\"Gesch\u00e4tzte Lesezeit\" \/>\n\t<meta name=\"twitter:data1\" content=\"4\u00a0Minuten\" \/>\n<script type=\"application\/ld+json\" class=\"yoast-schema-graph\">{\"@context\":\"https:\/\/schema.org\",\"@graph\":[{\"@type\":\"WebPage\",\"@id\":\"https:\/\/erollz.com\/de\/shop\/freego-f2-pro-ebike\/\",\"url\":\"https:\/\/erollz.com\/de\/shop\/freego-f2-pro-ebike\/\",\"name\":\"Freego F2 Pro E-Bike - Erollz\",\"isPartOf\":{\"@id\":\"https:\/\/erollz.com\/de\/#website\"},\"datePublished\":\"2023-10-11T19:05:38+00:00\",\"dateModified\":\"2024-05-05T13:29:27+00:00\",\"breadcrumb\":{\"@id\":\"https:\/\/erollz.com\/de\/shop\/freego-f2-pro-ebike\/#breadcrumb\"},\"inLanguage\":\"de\",\"potentialAction\":[{\"@type\":\"ReadAction\",\"target\":[\"https:\/\/erollz.com\/de\/shop\/freego-f2-pro-ebike\/\"]}]},{\"@type\":\"BreadcrumbList\",\"@id\":\"https:\/\/erollz.com\/de\/shop\/freego-f2-pro-ebike\/#breadcrumb\",\"itemListElement\":[{\"@type\":\"ListItem\",\"position\":1,\"name\":\"Home\",\"item\":\"https:\/\/erollz.com\/de\/\"},{\"@type\":\"ListItem\",\"position\":2,\"name\":\"Shop\",\"item\":\"https:\/\/erollz.com\/store\/\"},{\"@type\":\"ListItem\",\"position\":3,\"name\":\"Freego F2 Pro E-Bike\"}]},{\"@type\":\"WebSite\",\"@id\":\"https:\/\/erollz.com\/de\/#website\",\"url\":\"https:\/\/erollz.com\/de\/\",\"name\":\"E-Step online kopen? Bekijk onze assortiment\",\"description\":\"E-fatbike &amp; E-step\",\"publisher\":{\"@id\":\"https:\/\/erollz.com\/de\/#organization\"},\"potentialAction\":[{\"@type\":\"SearchAction\",\"target\":{\"@type\":\"EntryPoint\",\"urlTemplate\":\"https:\/\/erollz.com\/de\/?s={search_term_string}\"},\"query-input\":\"required name=search_term_string\"}],\"inLanguage\":\"de\"},{\"@type\":\"Organization\",\"@id\":\"https:\/\/erollz.com\/de\/#organization\",\"name\":\"E-Rollz\",\"url\":\"https:\/\/erollz.com\/de\/\",\"logo\":{\"@type\":\"ImageObject\",\"inLanguage\":\"de\",\"@id\":\"https:\/\/erollz.com\/de\/#\/schema\/logo\/image\/\",\"url\":\"https:\/\/erollz.com\/wp-content\/uploads\/2023\/07\/logo-e-rollz-small-v2.png\",\"contentUrl\":\"https:\/\/erollz.com\/wp-content\/uploads\/2023\/07\/logo-e-rollz-small-v2.png\",\"width\":490,\"height\":188,\"caption\":\"E-Rollz\"},\"image\":{\"@id\":\"https:\/\/erollz.com\/de\/#\/schema\/logo\/image\/\"}}]}<\/script>\n<!-- \/ Yoast SEO plugin. -->","yoast_head_json":{"title":"Freego F2 Pro E-Bike - Erollz","robots":{"index":"index","follow":"follow","max-snippet":"max-snippet:-1","max-image-preview":"max-image-preview:large","max-video-preview":"max-video-preview:-1"},"canonical":"https:\/\/erollz.com\/de\/shop\/freego-f2-pro-ebike\/","og_locale":"de_DE","og_type":"article","og_title":"Freego F2 Pro E-Bike - Erollz","og_description":"Maximale Reichweite rein elektrisch: 80 km Max. Geschwindigkeit: 25 km\/h Aufladezeit: 7 Stunden","og_url":"https:\/\/erollz.com\/de\/shop\/freego-f2-pro-ebike\/","og_site_name":"Erollz","article_modified_time":"2024-05-05T13:29:27+00:00","og_image":[{"width":800,"height":755,"url":"https:\/\/erollz.com\/wp-content\/uploads\/2023\/10\/freego-kopen-elektrische-fatbike-voorzijkant-trans-erollz.png","type":"image\/png"}],"twitter_card":"summary_large_image","twitter_misc":{"Gesch\u00e4tzte Lesezeit":"4\u00a0Minuten"},"schema":{"@context":"https:\/\/schema.org","@graph":[{"@type":"WebPage","@id":"https:\/\/erollz.com\/de\/shop\/freego-f2-pro-ebike\/","url":"https:\/\/erollz.com\/de\/shop\/freego-f2-pro-ebike\/","name":"Freego F2 Pro E-Bike - Erollz","isPartOf":{"@id":"https:\/\/erollz.com\/de\/#website"},"datePublished":"2023-10-11T19:05:38+00:00","dateModified":"2024-05-05T13:29:27+00:00","breadcrumb":{"@id":"https:\/\/erollz.com\/de\/shop\/freego-f2-pro-ebike\/#breadcrumb"},"inLanguage":"de","potentialAction":[{"@type":"ReadAction","target":["https:\/\/erollz.com\/de\/shop\/freego-f2-pro-ebike\/"]}]},{"@type":"BreadcrumbList","@id":"https:\/\/erollz.com\/de\/shop\/freego-f2-pro-ebike\/#breadcrumb","itemListElement":[{"@type":"ListItem","position":1,"name":"Home","item":"https:\/\/erollz.com\/de\/"},{"@type":"ListItem","position":2,"name":"Shop","item":"https:\/\/erollz.com\/store\/"},{"@type":"ListItem","position":3,"name":"Freego F2 Pro E-Bike"}]},{"@type":"WebSite","@id":"https:\/\/erollz.com\/de\/#website","url":"https:\/\/erollz.com\/de\/","name":"E-Step online kopen? Bekijk onze assortiment","description":"E-fatbike &amp; E-step","publisher":{"@id":"https:\/\/erollz.com\/de\/#organization"},"potentialAction":[{"@type":"SearchAction","target":{"@type":"EntryPoint","urlTemplate":"https:\/\/erollz.com\/de\/?s={search_term_string}"},"query-input":"required name=search_term_string"}],"inLanguage":"de"},{"@type":"Organization","@id":"https:\/\/erollz.com\/de\/#organization","name":"E-Rollz","url":"https:\/\/erollz.com\/de\/","logo":{"@type":"ImageObject","inLanguage":"de","@id":"https:\/\/erollz.com\/de\/#\/schema\/logo\/image\/","url":"https:\/\/erollz.com\/wp-content\/uploads\/2023\/07\/logo-e-rollz-small-v2.png","contentUrl":"https:\/\/erollz.com\/wp-content\/uploads\/2023\/07\/logo-e-rollz-small-v2.png","width":490,"height":188,"caption":"E-Rollz"},"image":{"@id":"https:\/\/erollz.com\/de\/#\/schema\/logo\/image\/"}}]}},"_links":{"self":[{"href":"https:\/\/erollz.com\/de\/wp-json\/wp\/v2\/product\/4450","targetHints":{"allow":["GET"]}}],"collection":[{"href":"https:\/\/erollz.com\/de\/wp-json\/wp\/v2\/product"}],"about":[{"href":"https:\/\/erollz.com\/de\/wp-json\/wp\/v2\/types\/product"}],"replies":[{"embeddable":true,"href":"https:\/\/erollz.com\/de\/wp-json\/wp\/v2\/comments?post=4450"}],"wp:featuredmedia":[{"embeddable":true,"href":"https:\/\/erollz.com\/de\/wp-json\/wp\/v2\/media\/4927"}],"wp:attachment":[{"href":"https:\/\/erollz.com\/de\/wp-json\/wp\/v2\/media?parent=4450"}],"wp:term":[{"taxonomy":"product_brand","embeddable":true,"href":"https:\/\/erollz.com\/de\/wp-json\/wp\/v2\/product_brand?post=4450"},{"taxonomy":"product_cat","embeddable":true,"href":"https:\/\/erollz.com\/de\/wp-json\/wp\/v2\/product_cat?post=4450"},{"taxonomy":"product_tag","embeddable":true,"href":"https:\/\/erollz.com\/de\/wp-json\/wp\/v2\/product_tag?post=4450"}],"curies":[{"name":"wp","href":"https:\/\/api.w.org\/{rel}","templated":true}]}}