{"id":5707,"date":"2023-03-20T16:00:09","date_gmt":"2023-03-20T15:00:09","guid":{"rendered":"https:\/\/erollz.com\/shop\/engwe-m20-fatbike-25km-h\/"},"modified":"2025-11-26T23:32:09","modified_gmt":"2025-11-26T22:32:09","slug":"engwe-m20-fatbike-25km-h","status":"publish","type":"product","link":"https:\/\/erollz.com\/de\/shop\/engwe-m20-fatbike-25km-h\/","title":{"rendered":"Engwe M20 Fatbike | 25km\/h"},"content":{"rendered":"<div class=\"wpb-content-wrapper\"><p>[vc_row wrap_container=&#8221;yes&#8221; css=&#8221;.vc_custom_1703418758207{background-color: #edf6f7 !important;}&#8221; conditional_render=&#8221;%5B%7B%22value_role%22%3A%22administrator%22%7D%5D&#8221;][vc_column][vc_row_inner][vc_column_inner width=&#8221;1\/2&#8243;][vc_column_text css=&#8221;.vc_custom_1690378463056{margin-top: 25px !important;}&#8221;]<\/p>\n<p style=\"text-align: left;\"><span style=\"font-size: 14px; color: #000000;\"><strong>Kurze Zusammenfassung<\/strong><\/span><\/p>\n<p>[\/vc_column_text]<div class=\"porto-sicon-box  vc_custom_1715437599467  wpb_custom_a021aed9e01ceac754d55914e6551efe style_1 default-icon\"><div class=\"porto-sicon-default\"><div class=\"porto-just-icon-wrapper porto-icon none\" style=\"color:#3ccec9;font-size:20px;\"><i class=\"Simple-Line-Icons-plus\"><\/i><\/div><\/div><div class=\"porto-sicon-header\"><h3 class=\"porto-sicon-title\" style=\"\"><strong>20-Zoll-Reifen<\/strong><\/h3><\/div> <!-- header --><\/div><!-- porto-sicon-box --><div class=\"porto-sicon-box  vc_custom_1715437593285  wpb_custom_a021aed9e01ceac754d55914e6551efe style_1 default-icon\"><div class=\"porto-sicon-default\"><div class=\"porto-just-icon-wrapper porto-icon none\" style=\"color:#3ccec9;font-size:20px;\"><i class=\"Simple-Line-Icons-plus\"><\/i><\/div><\/div><div class=\"porto-sicon-header\"><h3 class=\"porto-sicon-title\" style=\"\">LED-Beleuchtung vorne und hinten<\/h3><\/div> <!-- header --><\/div><!-- porto-sicon-box --><div class=\"porto-sicon-box  vc_custom_1715437604783  wpb_custom_a021aed9e01ceac754d55914e6551efe style_1 default-icon\"><div class=\"porto-sicon-default\"><div class=\"porto-just-icon-wrapper porto-icon none\" style=\"color:#3ccec9;font-size:20px;\"><i class=\"Simple-Line-Icons-plus\"><\/i><\/div><\/div><div class=\"porto-sicon-header\"><h3 class=\"porto-sicon-title\" style=\"\">Reichweite von <strong>150 km<\/strong> (elektrisch)<\/h3><\/div> <!-- header --><\/div><!-- porto-sicon-box --><div class=\"porto-sicon-box  vc_custom_1715437609955  wpb_custom_a021aed9e01ceac754d55914e6551efe style_1 default-icon\"><div class=\"porto-sicon-default\"><div class=\"porto-just-icon-wrapper porto-icon none\" style=\"color:#3ccec9;font-size:20px;\"><i class=\"Simple-Line-Icons-plus\"><\/i><\/div><\/div><div class=\"porto-sicon-header\"><h3 class=\"porto-sicon-title\" style=\"\">Aufladezeit von <strong>7 Stunden<\/strong><\/h3><\/div> <!-- header --><\/div><!-- porto-sicon-box --><div class=\"porto-sicon-box  vc_custom_1715437615127  wpb_custom_a021aed9e01ceac754d55914e6551efe style_1 default-icon\"><div class=\"porto-sicon-default\"><div class=\"porto-just-icon-wrapper porto-icon none\" style=\"color:#3ccec9;font-size:20px;\"><i class=\"Simple-Line-Icons-plus\"><\/i><\/div><\/div><div class=\"porto-sicon-header\"><h3 class=\"porto-sicon-title\" style=\"\"><strong>7 <\/strong>Getriebe<\/h3><\/div> <!-- header --><\/div><!-- porto-sicon-box --><div class=\"porto-sicon-box  vc_custom_1715437619886  wpb_custom_a021aed9e01ceac754d55914e6551efe style_1 default-icon\"><div class=\"porto-sicon-default\"><div class=\"porto-just-icon-wrapper porto-icon none\" style=\"color:#3ccec9;font-size:20px;\"><i class=\"Simple-Line-Icons-plus\"><\/i><\/div><\/div><div class=\"porto-sicon-header\"><h3 class=\"porto-sicon-title\" style=\"\">Robuster Rahmen - Tragf\u00e4higkeit: <strong>120 kg<\/strong><\/h3><\/div> <!-- header --><\/div><!-- porto-sicon-box -->[\/vc_column_inner][vc_column_inner width=&#8221;1\/2&#8243; css=&#8221;.vc_custom_1703348900054{margin-top: 10px !important;margin-bottom: 10px !important;padding-top: 10px !important;padding-bottom: 10px !important;}&#8221;][vc_video link=&#8221;https:\/\/youtu.be\/EdMVGyY5c2Y&#8221; css=&#8221;.vc_custom_1703348848058{padding-top: 10px !important;}&#8221;][\/vc_column_inner][\/vc_row_inner][vc_empty_space height=&#8221;42px&#8221;][\/vc_column][\/vc_row][vc_row full_width=&#8221;stretch_row&#8221; gap=&#8221;35&#8243; content_placement=&#8221;middle&#8221; css=&#8221;.vc_custom_1703364894500{padding-top: 35px !important;padding-bottom: 35px !important;background-color: #ffffff !important;background-position: center !important;background-repeat: no-repeat !important;background-size: cover !important;}&#8221; conditional_render=&#8221;%5B%7B%22value_role%22%3A%22administrator%22%7D%5D&#8221;][vc_column text_align=&#8221;center&#8221; conditional_render=&#8221;%5B%7B%22value_role%22%3A%22administrator%22%7D%5D&#8221;][vc_row_inner wrap_container=&#8221;yes&#8221; content_placement=&#8221;middle&#8221;][vc_column_inner width=&#8221;1\/3&#8243;]<div class=\"porto-sicon-box  wpb_custom_276644dfb05dca86c5c6b01a70c561c1 style_1 default-icon\"><div class=\"porto-sicon-default\"><div class=\"porto-just-icon-wrapper porto-icon none\" style=\"color:#3ccec9;font-size:32px;\"><i class=\"fab fa-whatsapp\"><\/i><\/div><\/div><div class=\"porto-sicon-header\"><h3 class=\"porto-sicon-title\" style=\"\">24\/7 Online-Unterst\u00fctzung<\/h3><\/div> <!-- header --><\/div><!-- porto-sicon-box -->[\/vc_column_inner][vc_column_inner width=&#8221;1\/3&#8243;]<div class=\"porto-sicon-box  wpb_custom_276644dfb05dca86c5c6b01a70c561c1 style_1 default-icon\"><div class=\"porto-sicon-default\"><div class=\"porto-just-icon-wrapper porto-icon none\" style=\"color:#3ccec9;font-size:32px;\"><i class=\"porto-icon-shipping\"><\/i><\/div><\/div><div class=\"porto-sicon-header\"><h3 class=\"porto-sicon-title\" style=\"\">Kostenlose Lieferung und R\u00fcckgabe<\/h3><\/div> <!-- header --><\/div><!-- porto-sicon-box -->[\/vc_column_inner][vc_column_inner width=&#8221;1\/3&#8243;]<div class=\"porto-sicon-box  wpb_custom_276644dfb05dca86c5c6b01a70c561c1 style_1 default-icon\"><div class=\"porto-sicon-default\"><div class=\"porto-just-icon-wrapper porto-icon none\" style=\"color:#3ccec9;font-size:26px;\"><i class=\"porto-icon-spin3\"><\/i><\/div><\/div><div class=\"porto-sicon-header\"><h3 class=\"porto-sicon-title\" style=\"\">30-t\u00e4gige Bedenkzeit<\/h3><\/div> <!-- header --><\/div><!-- porto-sicon-box -->[\/vc_column_inner][\/vc_row_inner][\/vc_column][\/vc_row][vc_row full_width=&#8221;stretch_row&#8221; conditional_render=&#8221;%5B%7B%22value_role%22%3A%22administrator%22%7D%5D&#8221;][vc_column conditional_render=&#8221;%5B%7B%22value_role%22%3A%22administrator%22%7D%5D&#8221;][vc_empty_space height=&#8221;15px&#8221;][vc_empty_space height=&#8221;42px&#8221;][vc_column_text]<\/p>\n<h3 style=\"text-align: center;\"><span style=\"font-size: 40px; color: #000000;\"><b>Entdecken Sie das Engwe M20 Elektro-Fatbike<\/b><\/span><\/h3>\n<p style=\"text-align: center;\"><b>Der perfekte Begleiter f\u00fcr urbane Abenteuer.<br \/>\n<\/b><span style=\"font-weight: 400;\">Mit seiner kompakten Gr\u00f6\u00dfe und praktischen Funktionen bietet dieses elektrische Fatbike eine komfortable und einfache M\u00f6glichkeit, sich in der Stadt fortzubewegen. <\/span><\/p>\n<p>[\/vc_column_text][vc_row_inner wrap_container=&#8221;yes&#8221; css=&#8221;.vc_custom_1703419324801{margin-top: 30px !important;padding-top: 45px !important;padding-bottom: 45px !important;}&#8221;][vc_column_inner width=&#8221;1\/2&#8243; css=&#8221;.vc_custom_1690146092297{padding-top: 30px !important;}&#8221;][vc_column_text css=&#8221;.vc_custom_1703419333477{margin-right: 30px !important;padding-bottom: 40px !important;}&#8221; el_class=&#8221;ruimte-mb&#8221;]<\/p>\n<h3><span style=\"font-size: 40px;\"><strong><span style=\"color: #3ccec9;\">Batterie austauschbar<\/span><\/strong><\/span><\/h3>\n<p><em>Warum ein elektrisches Fatbike mit austauschbarem Akku w\u00e4hlen?<\/em><\/p>\n<p><strong>Nonstop-Spa\u00df<\/strong>: Dank unserer austauschbaren Batterien m\u00fcssen Sie sich nie Sorgen um die Reichweite Ihrer Fahrt machen. Tauschen Sie einfach eine leere Batterie gegen eine geladene aus, und schon sind Sie wieder auf der Stra\u00dfe.<\/p>\n<p><strong>Umweltfreundlich<\/strong>: Bei der Entwicklung unserer Batterien haben wir die Umwelt im Blick. Wenn eine Batterie das Ende ihrer Lebensdauer erreicht hat, k\u00f6nnen Sie sie ersetzen, ohne das ganze Fahrrad austauschen zu m\u00fcssen.<\/p>\n<p><strong>Lange Lebensdauer<\/strong>: Mit unserem herausnehmbaren Akku k\u00f6nnen Sie den ganzen Tag lang rudern.[\/vc_column_text][\/vc_column_inner][vc_column_inner width=&#8221;1\/2&#8243;][vc_column_text]<img decoding=\"async\" class=\"wp-image-3752 aligncenter\" src=\"https:\/\/erollz.com\/wp-content\/uploads\/2023\/12\/elektrische-fatbikes-kopen-engwee-2-stuks.jpg\" alt=\"\" width=\"575\" height=\"399\">[\/vc_column_text][\/vc_column_inner][\/vc_row_inner][\/vc_column][\/vc_row][vc_row full_width=&#8221;stretch_row&#8221; wrap_container=&#8221;yes&#8221; el_class=&#8221;m-b-md&#8221; conditional_render=&#8221;%5B%7B%22value_role%22%3A%22administrator%22%7D%5D&#8221; css=&#8221;.vc_custom_1703419036733{margin-top: 0px !important;padding-top: 50px !important;background-color: #ffffff !important;}&#8221;][vc_column][vc_row_inner css=&#8221;.vc_custom_1703419129868{padding-bottom: 65px !important;}&#8221;][vc_column_inner el_class=&#8221;rij-kort&#8221; width=&#8221;1\/2&#8243; css=&#8221;.vc_custom_1690109365690{padding-top: 40px !important;padding-right: 30px !important;}&#8221;][vc_video link=&#8221;https:\/\/www.youtube.com\/watch?v=j4e70ef_fRw&#8221; css=&#8221;.vc_custom_1705784976729{padding-top: 10px !important;}&#8221;][\/vc_column_inner][vc_column_inner width=&#8221;1\/2&#8243; css=&#8221;.vc_custom_1690647807664{margin-top: 40px !important;}&#8221;][vc_empty_space height=&#8221;22px&#8221;][vc_column_text css=&#8221;.vc_custom_1703361397519{margin-right: 30px !important;padding-bottom: 30px !important;}&#8221; el_class=&#8221;ruimte-mb&#8221;]<\/p>\n<h3><span style=\"font-size: 40px;\"><strong>Robustheit und <span style=\"color: #3ccec9;\">Qualit\u00e4t<\/span><\/strong><\/span><\/h3>\n<p>Das <strong>Engwe M20 Elektro-Fatbike<\/strong> zeichnet sich durch seine robuste Konstruktion und Qualit\u00e4t aus. Der robuste Rahmen und die hochwertigen Materialien garantieren eine lange Lebensdauer.<\/p>\n<p>Scheibenbremsen sind robust und k\u00f6nnen die Geschwindigkeit effektiv reduzieren. Dies erm\u00f6glicht es Ihnen, in verschiedenen Umgebungen sicher zu fahren.[\/vc_column_text][\/vc_column_inner][\/vc_row_inner][\/vc_column][\/vc_row][vc_row][vc_column][vc_row_inner wrap_container=&#8221;yes&#8221; css=&#8221;.vc_custom_1703419532259{padding-top: 05px !important;padding-bottom: 45px !important;}&#8221;][vc_column_inner el_class=&#8221;rij-kort&#8221; width=&#8221;1\/2&#8243; css=&#8221;.vc_custom_1690109365690{padding-top: 40px !important;padding-right: 30px !important;}&#8221;][vc_empty_space height=&#8221;30px&#8221;][vc_column_text css=&#8221;.vc_custom_1703361411890{margin-right: 30px !important;padding-bottom: 30px !important;}&#8221; el_class=&#8221;ruimte-mb&#8221;]<\/p>\n<h3><span style=\"font-size: 36px;\"><strong><span style=\"color: #3ccec9;\">Multifunktional<\/span><\/strong><\/span><\/h3>\n<p>Die Multifunktionsanzeige reagiert schnell auf Kilometerstand und Batteriekapazit\u00e4t. Sie k\u00f6nnen die Geschwindigkeit in Echtzeit sehen, sie \u00fcberwachen und jede Fahrt unbesorgt genie\u00dfen.<\/p>\n<p>Koppeln Sie Ihr Telefon ohne Bedenken. Es bleibt stabil und man kann das Telefon problemlos aufladen.[\/vc_column_text][\/vc_column_inner][vc_column_inner width=&#8221;1\/2&#8243; css=&#8221;.vc_custom_1703503589515{margin-top: 40px !important;padding-left: 15px !important;}&#8221;][vc_single_image image=&#8221;5318&#8243; img_size=&#8221;full&#8221;][\/vc_column_inner][\/vc_row_inner][\/vc_column][\/vc_row][vc_row full_width=&#8221;stretch_row&#8221; css=&#8221;.vc_custom_1703419407871{padding-bottom: 15px !important;background-color: #ffffff !important;}&#8221; conditional_render=&#8221;%5B%7B%22value_role%22%3A%22administrator%22%7D%5D&#8221;][vc_column][vc_row_inner wrap_container=&#8221;yes&#8221; css=&#8221;.vc_custom_1690145925923{padding-top: 25px !important;padding-bottom: 45px !important;}&#8221;][vc_column_inner el_class=&#8221;rij-kort&#8221; width=&#8221;1\/2&#8243; css=&#8221;.vc_custom_1690109365690{padding-top: 40px !important;padding-right: 30px !important;}&#8221;][vc_empty_space height=&#8221;20px&#8221;][vc_single_image image=&#8221;4888&#8243; img_size=&#8221;full&#8221;][\/vc_column_inner][vc_column_inner width=&#8221;1\/2&#8243; css=&#8221;.vc_custom_1690109136972{margin-top: 80px !important;padding-left: 30px !important;}&#8221;][vc_column_text css=&#8221;.vc_custom_1715437710700{margin-right: 30px !important;padding-bottom: 30px !important;}&#8221; el_class=&#8221;ruimte-mb&#8221;]<\/p>\n<h3><span style=\"font-size: 40px;\"><strong>Leistung &amp; <span style=\"color: #3ccec9;\">Reichweite<\/span><\/strong><\/span><\/h3>\n<p>Das <strong>Engwe M20 Elektro-Fatbike<\/strong> ist mit starker Leistung ausgestattet und hat eine normale Reichweite von bis zu <span style=\"color: #3ccec9;\"><strong>150 km<\/strong><\/span>. Der leistungsstarke Motor sorgt f\u00fcr schnelle Beschleunigung und m\u00fcheloses Fahren, w\u00e4hrend der hochwertige Akku mit einer einzigen Ladung eine normale Reichweite erm\u00f6glicht.<\/p>\n<p>Sie k\u00f6nnen nun unbesorgt auf normale Reisen gehen und neue Abenteuer erleben, denn Sie wissen, dass Ihnen nicht so bald der Strom ausgehen wird.[\/vc_column_text][vc_empty_space height=&#8221;42px&#8221;][\/vc_column_inner][\/vc_row_inner][\/vc_column][\/vc_row][vc_row][vc_column][vc_empty_space height=&#8221;42px&#8221;][\/vc_column][\/vc_row]<\/p>\n<\/div>","protected":false},"excerpt":{"rendered":"<p><span style=\"font-size: 12px;\"><span style=\"color: #000000;\"><span style=\"color: #808080;\"><img decoding=\"async\" class=\"alignnone wp-image-4829\" src=\"https:\/\/erollz.com\/wp-content\/uploads\/2023\/12\/check-icon-erollz.png\" alt=\"\" width=\"19\" height=\"18\" \/>Reichweite: <\/span><strong>75 + 75 km<\/strong><br \/>\n<\/span><span style=\"color: #000000;\"><span style=\"color: #808080;\"><img decoding=\"async\" class=\"alignnone wp-image-4829\" src=\"https:\/\/erollz.com\/wp-content\/uploads\/2023\/12\/check-icon-erollz.png\" alt=\"\" width=\"19\" height=\"18\" \/> Max. Geschwindigkeit<\/span>:<strong> 25 km\/h<\/strong><\/span><span style=\"color: #333333;\"><br \/>\n<span style=\"color: #808080;\"><span style=\"color: #000000;\"><img decoding=\"async\" class=\"alignnone wp-image-4829\" src=\"https:\/\/erollz.com\/wp-content\/uploads\/2023\/12\/check-icon-erollz.png\" alt=\"\" width=\"19\" height=\"18\" \/> <\/span>Aufladezeit: <\/span><strong>7 Stunden<\/strong><br \/>\n<\/span><\/span><\/p>\n","protected":false},"featured_media":4859,"comment_status":"open","ping_status":"closed","template":"","meta":[],"product_brand":[],"product_cat":[227,381],"product_tag":[],"class_list":{"0":"post-5707","1":"product","2":"type-product","3":"status-publish","4":"has-post-thumbnail","6":"product_cat-e-fatbikes-de","7":"product_cat-engwe-de","8":"pa_kleuroptie-grun","9":"pa_kleuroptie-schwarz","10":"pa_kleuroptie-weis","12":"first","13":"instock","14":"sale","15":"taxable","16":"shipping-taxable","17":"purchasable","18":"product-type-variable","19":"has-default-attributes"},"yoast_head":"<!-- This site is optimized with the Yoast SEO plugin v22.1 - https:\/\/yoast.com\/wordpress\/plugins\/seo\/ -->\n<title>Engwe M20 | Elektrisches Fatbike kaufen? | Erollz<\/title>\n<meta name=\"description\" content=\"Engwe M20 | e-Fatbike kaufen? | Kostenloser Versand &amp; R\u00fcckversand | 30 Tage Bedenkzeit | \u2713 ALLE Fatbike-Modelle verf\u00fcgbar | Online bestellen.\" \/>\n<meta name=\"robots\" content=\"index, follow, max-snippet:-1, max-image-preview:large, max-video-preview:-1\" \/>\n<link rel=\"canonical\" href=\"https:\/\/erollz.com\/de\/shop\/engwe-m20-fatbike-25km-h\/\" \/>\n<meta property=\"og:locale\" content=\"de_DE\" \/>\n<meta property=\"og:type\" content=\"article\" \/>\n<meta property=\"og:title\" content=\"Engwe M20 | Elektrisches Fatbike kaufen? | Erollz\" \/>\n<meta property=\"og:description\" content=\"Engwe M20 | e-Fatbike kaufen? | Kostenloser Versand &amp; R\u00fcckversand | 30 Tage Bedenkzeit | \u2713 ALLE Fatbike-Modelle verf\u00fcgbar | Online bestellen.\" \/>\n<meta property=\"og:url\" content=\"https:\/\/erollz.com\/de\/shop\/engwe-m20-fatbike-25km-h\/\" \/>\n<meta property=\"og:site_name\" content=\"Erollz\" \/>\n<meta property=\"article:modified_time\" content=\"2025-11-26T22:32:09+00:00\" \/>\n<meta property=\"og:image\" content=\"https:\/\/erollz.com\/wp-content\/uploads\/2023\/12\/e-fatbike-kopen-engwe-voorkant-schuin-groen-dubbel.jpg\" \/>\n\t<meta property=\"og:image:width\" content=\"1106\" \/>\n\t<meta property=\"og:image:height\" content=\"945\" \/>\n\t<meta property=\"og:image:type\" content=\"image\/jpeg\" \/>\n<meta name=\"twitter:card\" content=\"summary_large_image\" \/>\n<meta name=\"twitter:label1\" content=\"Gesch\u00e4tzte Lesezeit\" \/>\n\t<meta name=\"twitter:data1\" content=\"3\u00a0Minuten\" \/>\n<script type=\"application\/ld+json\" class=\"yoast-schema-graph\">{\"@context\":\"https:\/\/schema.org\",\"@graph\":[{\"@type\":\"WebPage\",\"@id\":\"https:\/\/erollz.com\/de\/shop\/engwe-m20-fatbike-25km-h\/\",\"url\":\"https:\/\/erollz.com\/de\/shop\/engwe-m20-fatbike-25km-h\/\",\"name\":\"Engwe M20 | Elektrisches Fatbike kaufen? | Erollz\",\"isPartOf\":{\"@id\":\"https:\/\/erollz.com\/de\/#website\"},\"datePublished\":\"2023-03-20T15:00:09+00:00\",\"dateModified\":\"2025-11-26T22:32:09+00:00\",\"description\":\"Engwe M20 | e-Fatbike kaufen? | Kostenloser Versand & R\u00fcckversand | 30 Tage Bedenkzeit | \u2713 ALLE Fatbike-Modelle verf\u00fcgbar | Online bestellen.\",\"breadcrumb\":{\"@id\":\"https:\/\/erollz.com\/de\/shop\/engwe-m20-fatbike-25km-h\/#breadcrumb\"},\"inLanguage\":\"de\",\"potentialAction\":[{\"@type\":\"ReadAction\",\"target\":[\"https:\/\/erollz.com\/de\/shop\/engwe-m20-fatbike-25km-h\/\"]}]},{\"@type\":\"BreadcrumbList\",\"@id\":\"https:\/\/erollz.com\/de\/shop\/engwe-m20-fatbike-25km-h\/#breadcrumb\",\"itemListElement\":[{\"@type\":\"ListItem\",\"position\":1,\"name\":\"Home\",\"item\":\"https:\/\/erollz.com\/de\/\"},{\"@type\":\"ListItem\",\"position\":2,\"name\":\"Shop\",\"item\":\"https:\/\/erollz.com\/store\/\"},{\"@type\":\"ListItem\",\"position\":3,\"name\":\"Engwe M20 Fatbike | 25km\/h\"}]},{\"@type\":\"WebSite\",\"@id\":\"https:\/\/erollz.com\/de\/#website\",\"url\":\"https:\/\/erollz.com\/de\/\",\"name\":\"E-Step online kopen? Bekijk onze assortiment\",\"description\":\"E-fatbike &amp; E-step\",\"publisher\":{\"@id\":\"https:\/\/erollz.com\/de\/#organization\"},\"potentialAction\":[{\"@type\":\"SearchAction\",\"target\":{\"@type\":\"EntryPoint\",\"urlTemplate\":\"https:\/\/erollz.com\/de\/?s={search_term_string}\"},\"query-input\":\"required name=search_term_string\"}],\"inLanguage\":\"de\"},{\"@type\":\"Organization\",\"@id\":\"https:\/\/erollz.com\/de\/#organization\",\"name\":\"E-Rollz\",\"url\":\"https:\/\/erollz.com\/de\/\",\"logo\":{\"@type\":\"ImageObject\",\"inLanguage\":\"de\",\"@id\":\"https:\/\/erollz.com\/de\/#\/schema\/logo\/image\/\",\"url\":\"https:\/\/erollz.com\/wp-content\/uploads\/2023\/07\/logo-e-rollz-small-v2.png\",\"contentUrl\":\"https:\/\/erollz.com\/wp-content\/uploads\/2023\/07\/logo-e-rollz-small-v2.png\",\"width\":490,\"height\":188,\"caption\":\"E-Rollz\"},\"image\":{\"@id\":\"https:\/\/erollz.com\/de\/#\/schema\/logo\/image\/\"}}]}<\/script>\n<!-- \/ Yoast SEO plugin. -->","yoast_head_json":{"title":"Engwe M20 | Elektrisches Fatbike kaufen? | Erollz","description":"Engwe M20 | e-Fatbike kaufen? | Kostenloser Versand & R\u00fcckversand | 30 Tage Bedenkzeit | \u2713 ALLE Fatbike-Modelle verf\u00fcgbar | Online bestellen.","robots":{"index":"index","follow":"follow","max-snippet":"max-snippet:-1","max-image-preview":"max-image-preview:large","max-video-preview":"max-video-preview:-1"},"canonical":"https:\/\/erollz.com\/de\/shop\/engwe-m20-fatbike-25km-h\/","og_locale":"de_DE","og_type":"article","og_title":"Engwe M20 | Elektrisches Fatbike kaufen? | Erollz","og_description":"Engwe M20 | e-Fatbike kaufen? | Kostenloser Versand & R\u00fcckversand | 30 Tage Bedenkzeit | \u2713 ALLE Fatbike-Modelle verf\u00fcgbar | Online bestellen.","og_url":"https:\/\/erollz.com\/de\/shop\/engwe-m20-fatbike-25km-h\/","og_site_name":"Erollz","article_modified_time":"2025-11-26T22:32:09+00:00","og_image":[{"width":1106,"height":945,"url":"https:\/\/erollz.com\/wp-content\/uploads\/2023\/12\/e-fatbike-kopen-engwe-voorkant-schuin-groen-dubbel.jpg","type":"image\/jpeg"}],"twitter_card":"summary_large_image","twitter_misc":{"Gesch\u00e4tzte Lesezeit":"3\u00a0Minuten"},"schema":{"@context":"https:\/\/schema.org","@graph":[{"@type":"WebPage","@id":"https:\/\/erollz.com\/de\/shop\/engwe-m20-fatbike-25km-h\/","url":"https:\/\/erollz.com\/de\/shop\/engwe-m20-fatbike-25km-h\/","name":"Engwe M20 | Elektrisches Fatbike kaufen? | Erollz","isPartOf":{"@id":"https:\/\/erollz.com\/de\/#website"},"datePublished":"2023-03-20T15:00:09+00:00","dateModified":"2025-11-26T22:32:09+00:00","description":"Engwe M20 | e-Fatbike kaufen? | Kostenloser Versand & R\u00fcckversand | 30 Tage Bedenkzeit | \u2713 ALLE Fatbike-Modelle verf\u00fcgbar | Online bestellen.","breadcrumb":{"@id":"https:\/\/erollz.com\/de\/shop\/engwe-m20-fatbike-25km-h\/#breadcrumb"},"inLanguage":"de","potentialAction":[{"@type":"ReadAction","target":["https:\/\/erollz.com\/de\/shop\/engwe-m20-fatbike-25km-h\/"]}]},{"@type":"BreadcrumbList","@id":"https:\/\/erollz.com\/de\/shop\/engwe-m20-fatbike-25km-h\/#breadcrumb","itemListElement":[{"@type":"ListItem","position":1,"name":"Home","item":"https:\/\/erollz.com\/de\/"},{"@type":"ListItem","position":2,"name":"Shop","item":"https:\/\/erollz.com\/store\/"},{"@type":"ListItem","position":3,"name":"Engwe M20 Fatbike | 25km\/h"}]},{"@type":"WebSite","@id":"https:\/\/erollz.com\/de\/#website","url":"https:\/\/erollz.com\/de\/","name":"E-Step online kopen? Bekijk onze assortiment","description":"E-fatbike &amp; E-step","publisher":{"@id":"https:\/\/erollz.com\/de\/#organization"},"potentialAction":[{"@type":"SearchAction","target":{"@type":"EntryPoint","urlTemplate":"https:\/\/erollz.com\/de\/?s={search_term_string}"},"query-input":"required name=search_term_string"}],"inLanguage":"de"},{"@type":"Organization","@id":"https:\/\/erollz.com\/de\/#organization","name":"E-Rollz","url":"https:\/\/erollz.com\/de\/","logo":{"@type":"ImageObject","inLanguage":"de","@id":"https:\/\/erollz.com\/de\/#\/schema\/logo\/image\/","url":"https:\/\/erollz.com\/wp-content\/uploads\/2023\/07\/logo-e-rollz-small-v2.png","contentUrl":"https:\/\/erollz.com\/wp-content\/uploads\/2023\/07\/logo-e-rollz-small-v2.png","width":490,"height":188,"caption":"E-Rollz"},"image":{"@id":"https:\/\/erollz.com\/de\/#\/schema\/logo\/image\/"}}]}},"_links":{"self":[{"href":"https:\/\/erollz.com\/de\/wp-json\/wp\/v2\/product\/5707","targetHints":{"allow":["GET"]}}],"collection":[{"href":"https:\/\/erollz.com\/de\/wp-json\/wp\/v2\/product"}],"about":[{"href":"https:\/\/erollz.com\/de\/wp-json\/wp\/v2\/types\/product"}],"replies":[{"embeddable":true,"href":"https:\/\/erollz.com\/de\/wp-json\/wp\/v2\/comments?post=5707"}],"wp:featuredmedia":[{"embeddable":true,"href":"https:\/\/erollz.com\/de\/wp-json\/wp\/v2\/media\/4859"}],"wp:attachment":[{"href":"https:\/\/erollz.com\/de\/wp-json\/wp\/v2\/media?parent=5707"}],"wp:term":[{"taxonomy":"product_brand","embeddable":true,"href":"https:\/\/erollz.com\/de\/wp-json\/wp\/v2\/product_brand?post=5707"},{"taxonomy":"product_cat","embeddable":true,"href":"https:\/\/erollz.com\/de\/wp-json\/wp\/v2\/product_cat?post=5707"},{"taxonomy":"product_tag","embeddable":true,"href":"https:\/\/erollz.com\/de\/wp-json\/wp\/v2\/product_tag?post=5707"}],"curies":[{"name":"wp","href":"https:\/\/api.w.org\/{rel}","templated":true}]}}